{"id":6227,"date":"2022-06-04T18:31:26","date_gmt":"2022-06-05T01:31:26","guid":{"rendered":"https:\/\/www.joegillis.com\/joe-gillis-biografie\/"},"modified":"2025-11-24T15:10:17","modified_gmt":"2025-11-24T23:10:17","slug":"joe-gillis-biografie","status":"publish","type":"page","link":"https:\/\/www.joegillis.com\/de\/joe-gillis-biografie\/","title":{"rendered":"Joe Gillis \u2013 Biografie"},"content":{"rendered":"\t\t<div data-elementor-type=\"wp-page\" data-elementor-id=\"6227\" class=\"elementor elementor-6227 elementor-430\" data-elementor-post-type=\"page\">\n\t\t\t\t\t\t<section class=\"elementor-section elementor-top-section elementor-element elementor-element-455dc1a elementor-section-boxed elementor-section-height-default elementor-section-height-default\" data-id=\"455dc1a\" data-element_type=\"section\" data-e-type=\"section\">\n\t\t\t\t\t\t<div class=\"elementor-container elementor-column-gap-default\">\n\t\t\t\t\t<div class=\"elementor-column elementor-col-100 elementor-top-column elementor-element elementor-element-0a8eb16\" data-id=\"0a8eb16\" data-element_type=\"column\" data-e-type=\"column\">\n\t\t\t<div class=\"elementor-widget-wrap elementor-element-populated\">\n\t\t\t\t\t\t<div class=\"elementor-element elementor-element-934af9a elementor-widget elementor-widget-spacer\" data-id=\"934af9a\" data-element_type=\"widget\" data-e-type=\"widget\" data-widget_type=\"spacer.default\">\n\t\t\t\t<div class=\"elementor-widget-container\">\n\t\t\t\t\t\t\t<div class=\"elementor-spacer\">\n\t\t\t<div class=\"elementor-spacer-inner\"><\/div>\n\t\t<\/div>\n\t\t\t\t\t\t<\/div>\n\t\t\t\t<\/div>\n\t\t\t\t<div class=\"elementor-element elementor-element-6a9b60f elementor-widget elementor-widget-text-editor\" data-id=\"6a9b60f\" data-element_type=\"widget\" data-e-type=\"widget\" data-widget_type=\"text-editor.default\">\n\t\t\t\t<div class=\"elementor-widget-container\">\n\t\t\t\t\t\t\t\t\t<h2>\u201eWei\u00df \u00fcberhaupt jemand, wer Joe Gillis ist?\u201c<\/h2><p>-Tim Robbins, <em>The Player<\/em><\/p>\t\t\t\t\t\t\t\t<\/div>\n\t\t\t\t<\/div>\n\t\t\t\t<div class=\"elementor-element elementor-element-e4784bb elementor-widget elementor-widget-image\" data-id=\"e4784bb\" data-element_type=\"widget\" data-e-type=\"widget\" data-widget_type=\"image.default\">\n\t\t\t\t<div class=\"elementor-widget-container\">\n\t\t\t\t\t\t\t\t\t\t\t\t<figure class=\"wp-caption\">\n\t\t\t\t\t\t\t\t\t\t<img fetchpriority=\"high\" decoding=\"async\" width=\"1920\" height=\"1080\" src=\"https:\/\/ebeuva676k5.exactdn.com\/wp-content\/uploads\/2022\/06\/Joe-Gillis-9-Items-or-Less.jpg?strip=all\" class=\"attachment-full size-full wp-image-6232\" alt=\"Schwarzwei\u00dffoto von Joe Gillis, der eine Boulevardzeitung liest\" srcset=\"https:\/\/ebeuva676k5.exactdn.com\/wp-content\/uploads\/2022\/06\/Joe-Gillis-9-Items-or-Less.jpg?strip=all 1920w, https:\/\/ebeuva676k5.exactdn.com\/wp-content\/uploads\/2022\/06\/Joe-Gillis-9-Items-or-Less-600x338.jpg?strip=all 600w, https:\/\/ebeuva676k5.exactdn.com\/wp-content\/uploads\/2022\/06\/Joe-Gillis-9-Items-or-Less-300x169.jpg?strip=all 300w, https:\/\/ebeuva676k5.exactdn.com\/wp-content\/uploads\/2022\/06\/Joe-Gillis-9-Items-or-Less-1024x576.jpg?strip=all 1024w, https:\/\/ebeuva676k5.exactdn.com\/wp-content\/uploads\/2022\/06\/Joe-Gillis-9-Items-or-Less-768x432.jpg?strip=all 768w, https:\/\/ebeuva676k5.exactdn.com\/wp-content\/uploads\/2022\/06\/Joe-Gillis-9-Items-or-Less-1536x864.jpg?strip=all 1536w, https:\/\/ebeuva676k5.exactdn.com\/wp-content\/uploads\/2022\/06\/Joe-Gillis-9-Items-or-Less.jpg?strip=all&amp;w=384 384w, https:\/\/ebeuva676k5.exactdn.com\/wp-content\/uploads\/2022\/06\/Joe-Gillis-9-Items-or-Less.jpg?strip=all&amp;w=1152 1152w, https:\/\/ebeuva676k5.exactdn.com\/wp-content\/uploads\/2022\/06\/Joe-Gillis-9-Items-or-Less.jpg?strip=all&amp;w=450 450w\" sizes=\"(max-width: 800px) 100vw, 800px\" \/>\t\t\t\t\t\t\t\t\t\t\t<figcaption class=\"widget-image-caption wp-caption-text\">Joe Gillis in \u201e9 Items or Less\u201c<\/figcaption>\n\t\t\t\t\t\t\t\t\t\t<\/figure>\n\t\t\t\t\t\t\t\t\t<\/div>\n\t\t\t\t<\/div>\n\t\t\t\t<div class=\"elementor-element elementor-element-d96ad93 elementor-widget elementor-widget-text-editor\" data-id=\"d96ad93\" data-element_type=\"widget\" data-e-type=\"widget\" data-widget_type=\"text-editor.default\">\n\t\t\t\t<div class=\"elementor-widget-container\">\n\t\t\t\t\t\t\t\t\t<p>F\u00fcr viele beschw\u00f6rt der Name Joe Gillis das Bild eines toten Mannes herauf, der im Pool treibt, aus dem Vorspann von <em>Boulevard der D\u00e4mmerung<\/em>. Sie wissen schon, dieser Film von 1950 mit Norma Desmond (gespielt von der gro\u00dfartigen Gloria Swanson), die sagt: \u201eIn Ordnung, Mr. DeMille, ich bin bereit f\u00fcr meine Nahaufnahme.\u201c Ja, ich trage den gleichen Namen wie eine Filmfigur, ein abgehalfterter Drehbuchautor, bei dem die Dinge offensichtlich eine schlimme Wendung nehmen (tot im Pool treibend und so weiter).  <\/p><p>Genau wie William Holdens Joe Gillis bin ich Drehbuchautor und Autor \u2013 und meine Anf\u00e4nge waren auch mit Stummfilmen verbunden. Mein erster Film, <em>9 Items or Less<\/em>, war eine Stummfilmkom\u00f6die, in der ich die Hauptrolle spielte, das Drehbuch schrieb, produzierte und Regie f\u00fchrte \u2013 und genau wie <em>Sunset Blvd.<\/em> wurde er komplett auf herrlichem Schwarzwei\u00dffilm gedreht. Richtig, auf echtem Zelluloidfilm. Bin ich ein Filmsnob? N\u00f6, ich liebe Film und habe in den 90ern sogar ein paar verschiedene Kinos betrieben. H\u00e4tte man mich damals nach Digital gefragt, h\u00e4tte ich gesagt, es ist Mist (es waren die 90er, also war es das auch), aber Digital kann jetzt absolut ph\u00e4nomenale Ergebnisse liefern, also bin ich ein gro\u00dfer Fan von beidem.     <\/p><p>Nachdem ich das Theaterst\u00fcck <em>Voices from the High School<\/em> von Peter Dee in einen Spielfilm adaptiert hatte, wechselte ich als Produzent, Autor und Editor ins Fernsehen, wo ich an HGTV- und DIY Network-Shows wie <em>Turf War<\/em>, <em>Yard Crashers<\/em>, <em>House Crashers<\/em>, ach, allen <em>Crashers<\/em>-Shows und <em>America&#8217;s Most Desperate Kitchens<\/em> sowie an \u00f6ffentlich-rechtlichen Sendungen (AKA PBS) bei <em>America&#8217;s Heartland<\/em> und <em>California&#8217;s Heartland<\/em> mitwirkte.<\/p><p>Als lebenslanger Technologie-\/Comicbuch-\/Science-Geek war es nur eine Frage der Zeit, bis ich mein Wissen \u00fcber Fernsehproduktionen mit meiner wahren Leidenschaft f\u00fcr alles Geekige verbinden und <em>Beyond Geek<\/em> erschaffen w\u00fcrde. Mein Karriereweg hat sich nun geschlossen. Ich bin nicht mehr nur hinter der Kamera, sondern mache beides, auch wieder vor der Kamera, als Moderator bei <em>Beyond Geek<\/em>.  <\/p><p>Aber meine erz\u00e4hlerischen Ambitionen h\u00f6rten nicht beim Bildschirm auf. Basierend auf meiner einzigartigen Perspektive in der Unterhaltungsbranche und meinen Beobachtungen unserer immer digitaler werdenden Welt, habe ich mich dem Schreiben von Belletristik gewidmet. Zu meinen Romanen geh\u00f6ren der satirische dystopische Thriller <g id=\"gid_0\">Ragefluencers<\/g>, der die dunkle \u00dcberschneidung von Social-Media-Einfluss und Unternehmensmanipulation beleuchtet; das postapokalyptische Abenteuer <g id=\"gid_1\">Post-Apocalyptic Joe in a Cinematic Wasteland<\/g>, wo Kino und \u00dcberleben aufeinandertreffen; und die Science-Fiction-Kom\u00f6die f\u00fcr junge Leser <g id=\"gid_2\">Meine Katze kam aus dem Weltall<\/g>, die beweist, dass selbst Alien-Invasionen bezaubernd sein k\u00f6nnen. Jedes Buch spiegelt meine Faszination f\u00fcr den Einfluss der Technologie auf die Gesellschaft wider, vermittelt durch meine Liebe zum Genre-Storytelling und scharfe soziale Kommentare.   <\/p><p>Ich habe also viel mit Billy Wilders Figur Joe Gillis gemeinsam: Ich bin Schriftsteller \u2026 check. Stummfilme spielten eine entscheidende Rolle in meinem Leben \u2026 check. Nun, das ist weit hergeholt, da Gloria Swanson der Stummfilmstar war. Aber ich bin bereit f\u00fcr meine Nahaufnahme \u2026 der Schriftsteller in mir hofft nur auf ein anderes Ende \u2013 vorzugsweise eines, bei dem die Poolszene eine Buchvorstellung beinhaltet und nicht, nun ja, Sie wissen schon.   <\/p>\t\t\t\t\t\t\t\t<\/div>\n\t\t\t\t<\/div>\n\t\t\t\t<div class=\"elementor-element elementor-element-d66911b elementor-widget elementor-widget-text-editor\" data-id=\"d66911b\" data-element_type=\"widget\" data-e-type=\"widget\" data-widget_type=\"text-editor.default\">\n\t\t\t\t<div class=\"elementor-widget-container\">\n\t\t\t\t\t\t\t\t\t<p>Film- und Fernseh-Credits: <a href=\"https:\/\/www.imdb.com\/name\/nm1345214\/\" target=\"_blank\" rel=\"noopener\">https:\/\/www.imdb.com\/name\/nm1345214\/<\/a><\/p>\t\t\t\t\t\t\t\t<\/div>\n\t\t\t\t<\/div>\n\t\t\t\t<div class=\"elementor-element elementor-element-8cedb32 elementor-widget elementor-widget-spacer\" data-id=\"8cedb32\" data-element_type=\"widget\" data-e-type=\"widget\" data-widget_type=\"spacer.default\">\n\t\t\t\t<div class=\"elementor-widget-container\">\n\t\t\t\t\t\t\t<div class=\"elementor-spacer\">\n\t\t\t<div class=\"elementor-spacer-inner\"><\/div>\n\t\t<\/div>\n\t\t\t\t\t\t<\/div>\n\t\t\t\t<\/div>\n\t\t\t\t\t<\/div>\n\t\t<\/div>\n\t\t\t\t\t<\/div>\n\t\t<\/section>\n\t\t\t\t<\/div>\n\t\t","protected":false},"excerpt":{"rendered":"<p>\u201eWei\u00df \u00fcberhaupt jemand, wer Joe Gillis ist?\u201c -Tim Robbins, The Player Joe Gillis in \u201e9 Items or Less\u201c F\u00fcr viele beschw\u00f6rt der Name Joe Gillis das Bild eines toten Mannes herauf, der im Pool treibt, aus dem Vorspann von Boulevard der D\u00e4mmerung. Sie wissen schon, dieser Film von 1950 mit Norma Desmond (gespielt von der [&hellip;]<\/p>\n","protected":false},"author":1,"featured_media":6138,"parent":0,"menu_order":0,"comment_status":"closed","ping_status":"closed","template":"","meta":{"footnotes":""},"class_list":["post-6227","page","type-page","status-publish","has-post-thumbnail","hentry"],"jetpack_sharing_enabled":true,"_links":{"self":[{"href":"https:\/\/www.joegillis.com\/de\/wp-json\/wp\/v2\/pages\/6227","targetHints":{"allow":["GET"]}}],"collection":[{"href":"https:\/\/www.joegillis.com\/de\/wp-json\/wp\/v2\/pages"}],"about":[{"href":"https:\/\/www.joegillis.com\/de\/wp-json\/wp\/v2\/types\/page"}],"author":[{"embeddable":true,"href":"https:\/\/www.joegillis.com\/de\/wp-json\/wp\/v2\/users\/1"}],"replies":[{"embeddable":true,"href":"https:\/\/www.joegillis.com\/de\/wp-json\/wp\/v2\/comments?post=6227"}],"version-history":[{"count":3,"href":"https:\/\/www.joegillis.com\/de\/wp-json\/wp\/v2\/pages\/6227\/revisions"}],"predecessor-version":[{"id":6259,"href":"https:\/\/www.joegillis.com\/de\/wp-json\/wp\/v2\/pages\/6227\/revisions\/6259"}],"wp:featuredmedia":[{"embeddable":true,"href":"https:\/\/www.joegillis.com\/de\/wp-json\/wp\/v2\/media\/6138"}],"wp:attachment":[{"href":"https:\/\/www.joegillis.com\/de\/wp-json\/wp\/v2\/media?parent=6227"}],"curies":[{"name":"wp","href":"https:\/\/api.w.org\/{rel}","templated":true}]}}