{"id":8294,"date":"2026-04-11T13:51:46","date_gmt":"2026-04-11T20:51:46","guid":{"rendered":"https:\/\/www.joegillis.com\/paranormal-crimes-unit-book-1\/"},"modified":"2026-04-11T22:06:56","modified_gmt":"2026-04-12T05:06:56","slug":"einheit-fuer-paranormale-verbrechen-band-1","status":"publish","type":"page","link":"https:\/\/www.joegillis.com\/de\/einheit-fuer-paranormale-verbrechen-band-1\/","title":{"rendered":"Einheit F\u00fcr Paranormale Verbrechen: Band 1"},"content":{"rendered":"\t\t<div data-elementor-type=\"wp-page\" data-elementor-id=\"8294\" class=\"elementor elementor-8294 elementor-8263\" data-elementor-post-type=\"page\">\n\t\t\t\t\t\t<section class=\"elementor-section elementor-top-section elementor-element elementor-element-5dddd6bc elementor-section-boxed elementor-section-height-default elementor-section-height-default\" data-id=\"5dddd6bc\" data-element_type=\"section\" data-e-type=\"section\">\n\t\t\t\t\t\t<div class=\"elementor-container elementor-column-gap-default\">\n\t\t\t\t\t<div class=\"elementor-column elementor-col-100 elementor-top-column elementor-element elementor-element-20b69c89\" data-id=\"20b69c89\" data-element_type=\"column\" data-e-type=\"column\">\n\t\t\t<div class=\"elementor-widget-wrap elementor-element-populated\">\n\t\t\t\t\t\t<div class=\"elementor-element elementor-element-3625dce elementor-widget elementor-widget-spacer\" data-id=\"3625dce\" data-element_type=\"widget\" data-e-type=\"widget\" data-widget_type=\"spacer.default\">\n\t\t\t\t<div class=\"elementor-widget-container\">\n\t\t\t\t\t\t\t<div class=\"elementor-spacer\">\n\t\t\t<div class=\"elementor-spacer-inner\"><\/div>\n\t\t<\/div>\n\t\t\t\t\t\t<\/div>\n\t\t\t\t<\/div>\n\t\t\t\t<div class=\"elementor-element elementor-element-1a658afa elementor-widget elementor-widget-heading\" data-id=\"1a658afa\" data-element_type=\"widget\" data-e-type=\"widget\" data-widget_type=\"heading.default\">\n\t\t\t\t<div class=\"elementor-widget-container\">\n\t\t\t\t\t<h2 class=\"elementor-heading-title elementor-size-default\">EiNheiT F\u00fcR ParaNOrmale VerbRecheN<\/h2>\t\t\t\t<\/div>\n\t\t\t\t<\/div>\n\t\t\t\t<div class=\"elementor-element elementor-element-6a1248b elementor-widget elementor-widget-heading\" data-id=\"6a1248b\" data-element_type=\"widget\" data-e-type=\"widget\" data-widget_type=\"heading.default\">\n\t\t\t\t<div class=\"elementor-widget-container\">\n\t\t\t\t\t<h2 class=\"elementor-heading-title elementor-size-default\">EPV BAND 1<\/h2>\t\t\t\t<\/div>\n\t\t\t\t<\/div>\n\t\t\t\t\t<\/div>\n\t\t<\/div>\n\t\t\t\t\t<\/div>\n\t\t<\/section>\n\t\t\t\t<section class=\"elementor-section elementor-top-section elementor-element elementor-element-368ef2c6 elementor-section-boxed elementor-section-height-default elementor-section-height-default\" data-id=\"368ef2c6\" data-element_type=\"section\" data-e-type=\"section\">\n\t\t\t\t\t\t<div class=\"elementor-container elementor-column-gap-default\">\n\t\t\t\t\t<div class=\"elementor-column elementor-col-100 elementor-top-column elementor-element elementor-element-7795c905\" data-id=\"7795c905\" data-element_type=\"column\" data-e-type=\"column\">\n\t\t\t<div class=\"elementor-widget-wrap elementor-element-populated\">\n\t\t\t\t\t\t<div class=\"elementor-element elementor-element-c8df84c elementor-widget elementor-widget-spacer\" data-id=\"c8df84c\" data-element_type=\"widget\" data-e-type=\"widget\" data-widget_type=\"spacer.default\">\n\t\t\t\t<div class=\"elementor-widget-container\">\n\t\t\t\t\t\t\t<div class=\"elementor-spacer\">\n\t\t\t<div class=\"elementor-spacer-inner\"><\/div>\n\t\t<\/div>\n\t\t\t\t\t\t<\/div>\n\t\t\t\t<\/div>\n\t\t\t\t\t<\/div>\n\t\t<\/div>\n\t\t\t\t\t<\/div>\n\t\t<\/section>\n\t\t\t\t<section class=\"elementor-section elementor-top-section elementor-element elementor-element-41263620 elementor-section-boxed elementor-section-height-default elementor-section-height-default\" data-id=\"41263620\" data-element_type=\"section\" data-e-type=\"section\">\n\t\t\t\t\t\t<div class=\"elementor-container elementor-column-gap-default\">\n\t\t\t\t\t<div class=\"elementor-column elementor-col-50 elementor-top-column elementor-element elementor-element-3f17a86a\" data-id=\"3f17a86a\" data-element_type=\"column\" data-e-type=\"column\">\n\t\t\t<div class=\"elementor-widget-wrap elementor-element-populated\">\n\t\t\t\t\t\t<div class=\"elementor-element elementor-element-55d60802 elementor-widget elementor-widget-text-editor\" data-id=\"55d60802\" data-element_type=\"widget\" data-e-type=\"widget\" data-widget_type=\"text-editor.default\">\n\t\t\t\t<div class=\"elementor-widget-container\">\n\t\t\t\t\t\t\t\t\t<div class=\"a-expander-content a-expander-partial-collapse-content a-expander-content-expanded\" data-expanded=\"true\"><h3><strong><span class=\"a-text-bold\">In einer Welt, in der Vampire real sind, tragen die t\u00f6dlichsten Monster Laborkittel.<\/span><\/strong><\/h3><p>Detective Sam Kane hat sechs Jahre damit verbracht, erfolgreich \u00fcbernat\u00fcrlichen F\u00e4llen aus dem Weg zu gehen, in einer Welt, in der Vampire im Nachtdienst arbeiten und Werw\u00f6lfe der K-9-Einheit beitreten. Er ermittelt wegen Unterschlagung, nicht wegen Monstern. Zahlen bei\u00dfen nicht, und Tabellenkalkulationen erfordern keine mit Silber ausgekleideten Beweismittelt\u00fcten.  <\/p><p>Aber als sein Hauptzeuge tot aufgefunden wird, mit zwei winzigen Markierungen an seinem Hals \u2013 und einer Spur, die zu einem Vampir-Transformationsring mit Rabatt f\u00fchrt, der es auf unheilbar Kranke abgesehen hat \u2013 wird Kane in die einzige Abteilung gezwungen, die er vermieden hat: die Einheit F\u00fcr Paranormale Verbrechen.<\/p><p>Jetzt, als Partner eines Vampir-Detectives und eines Werwolfs mit einem forensischen Abschluss, entdeckt Kane eine Verschw\u00f6rung, die seit Beginn der \u00fcbernat\u00fcrlichen Integration verzweifelte Menschen t\u00f6tet. Jemand verkauft den Tod zu Schleuderpreisen, und die Zahl der Todesopfer steigt. <\/p><p>W\u00e4hrend Kane sich in einem b\u00fcrokratischen Albtraum aus \u00fcbernat\u00fcrlichen Beweisprotokollen, artenspezifischen Miranda-Rechten und einem vierzigtst\u00fcndigen Sensibilit\u00e4tstraining bewegt, das er verzweifelt zu vermeiden versucht, deckt er eine Wahrheit auf, die schrecklicher ist als jeder Vampir: Manchmal sind die wahren Monster diejenigen, die Hoffnung an die Hoffnungslosen verkaufen.<\/p><\/div>\t\t\t\t\t\t\t\t<\/div>\n\t\t\t\t<\/div>\n\t\t\t\t<div class=\"elementor-element elementor-element-1c1dc8a3 elementor-hidden-tablet elementor-hidden-mobile elementor-widget elementor-widget-text-editor\" data-id=\"1c1dc8a3\" data-element_type=\"widget\" data-e-type=\"widget\" data-widget_type=\"text-editor.default\">\n\t\t\t\t<div class=\"elementor-widget-container\">\n\t\t\t\t\t\t\t\t\t<h3>Die Ermittlungen werden ihn alles kosten. Sein Zeuge ist bereits tot. Und Mord war noch nie so profitabel.<\/h3><p><em><span class=\"a-text-italic\">Perfekt f\u00fcr Fans von Ben Aaronovitchs Rivers of London-Reihe, Jim Butchers Dresden Files und alle, die sich jemals gefragt haben, was passiert, wenn man Regierungspapieren Vampire hinzuf\u00fcgt.<\/span><\/em><\/p>\t\t\t\t\t\t\t\t<\/div>\n\t\t\t\t<\/div>\n\t\t\t\t\t<\/div>\n\t\t<\/div>\n\t\t\t\t<div class=\"elementor-column elementor-col-50 elementor-top-column elementor-element elementor-element-209252b4\" data-id=\"209252b4\" data-element_type=\"column\" data-e-type=\"column\">\n\t\t\t<div class=\"elementor-widget-wrap elementor-element-populated\">\n\t\t\t\t\t\t<div class=\"elementor-element elementor-element-70efca27 elementor-widget elementor-widget-image\" data-id=\"70efca27\" data-element_type=\"widget\" data-e-type=\"widget\" data-widget_type=\"image.default\">\n\t\t\t\t<div class=\"elementor-widget-container\">\n\t\t\t\t\t\t\t\t\t\t\t\t\t\t\t\t<a href=\"https:\/\/books.joegillis.com\/tqux0i8lr6\" target=\"_blank\">\n\t\t\t\t\t\t\t<img fetchpriority=\"high\" decoding=\"async\" width=\"640\" height=\"1024\" src=\"https:\/\/ebeuva676k5.exactdn.com\/wp-content\/uploads\/2025\/12\/PCU-Cover-Ebook-GERMAN-640x1024.jpg?strip=all\" class=\"attachment-large size-large wp-image-6239\" alt=\"Detective Sam Kane, eine Frau und ein Werwolf stehen nachts auf einer Stra\u00dfe in der Stadt zusammen, mit einem Vollmond im Hintergrund. Der Buchtitel lautet \u201eEinheit F\u00fcr Paranormale Verbrechen\u201c von Joe Gillis.\" srcset=\"https:\/\/ebeuva676k5.exactdn.com\/wp-content\/uploads\/2025\/12\/PCU-Cover-Ebook-GERMAN-640x1024.jpg?strip=all 640w, https:\/\/ebeuva676k5.exactdn.com\/wp-content\/uploads\/2025\/12\/PCU-Cover-Ebook-GERMAN-188x300.jpg?strip=all 188w, https:\/\/ebeuva676k5.exactdn.com\/wp-content\/uploads\/2025\/12\/PCU-Cover-Ebook-GERMAN-768x1229.jpg?strip=all 768w, https:\/\/ebeuva676k5.exactdn.com\/wp-content\/uploads\/2025\/12\/PCU-Cover-Ebook-GERMAN-960x1536.jpg?strip=all 960w, https:\/\/ebeuva676k5.exactdn.com\/wp-content\/uploads\/2025\/12\/PCU-Cover-Ebook-GERMAN-1280x2048.jpg?strip=all 1280w, https:\/\/ebeuva676k5.exactdn.com\/wp-content\/uploads\/2025\/12\/PCU-Cover-Ebook-GERMAN-500x800.jpg?strip=all 500w, https:\/\/ebeuva676k5.exactdn.com\/wp-content\/uploads\/2025\/12\/PCU-Cover-Ebook-GERMAN-406x649.jpg?strip=all 406w, https:\/\/ebeuva676k5.exactdn.com\/wp-content\/uploads\/2025\/12\/PCU-Cover-Ebook-GERMAN.jpg?strip=all 1500w, https:\/\/ebeuva676k5.exactdn.com\/wp-content\/uploads\/2025\/12\/PCU-Cover-Ebook-GERMAN.jpg?strip=all&amp;w=300 300w, https:\/\/ebeuva676k5.exactdn.com\/wp-content\/uploads\/2025\/12\/PCU-Cover-Ebook-GERMAN.jpg?strip=all&amp;w=900 900w, https:\/\/ebeuva676k5.exactdn.com\/wp-content\/uploads\/2025\/12\/PCU-Cover-Ebook-GERMAN.jpg?strip=all&amp;w=1200 1200w\" sizes=\"(max-width: 640px) 100vw, 640px\" \/>\t\t\t\t\t\t\t\t<\/a>\n\t\t\t\t\t\t\t\t\t\t\t\t\t\t\t<\/div>\n\t\t\t\t<\/div>\n\t\t\t\t<div class=\"elementor-element elementor-element-edbba90 elementor-hidden-mobile elementor-hidden-desktop elementor-widget elementor-widget-text-editor\" data-id=\"edbba90\" data-element_type=\"widget\" data-e-type=\"widget\" data-widget_type=\"text-editor.default\">\n\t\t\t\t<div class=\"elementor-widget-container\">\n\t\t\t\t\t\t\t\t\t<h3>Die Ermittlungen werden ihn alles kosten. Sein Zeuge ist bereits tot. Und Mord war noch nie so profitabel.<\/h3><p><em><span class=\"a-text-italic\">Perfekt f\u00fcr Fans von Ben Aaronovitchs Rivers of London-Reihe, Jim Butchers Dresden Files und alle, die sich jemals gefragt haben, was passiert, wenn man Regierungspapieren Vampire hinzuf\u00fcgt.<\/span><\/em><\/p>\t\t\t\t\t\t\t\t<\/div>\n\t\t\t\t<\/div>\n\t\t\t\t\t<\/div>\n\t\t<\/div>\n\t\t\t\t\t<\/div>\n\t\t<\/section>\n\t\t\t\t<section class=\"elementor-section elementor-top-section elementor-element elementor-element-4913e4ff elementor-section-boxed elementor-section-height-default elementor-section-height-default\" data-id=\"4913e4ff\" data-element_type=\"section\" data-e-type=\"section\">\n\t\t\t\t\t\t<div class=\"elementor-container elementor-column-gap-default\">\n\t\t\t\t\t<div class=\"elementor-column elementor-col-100 elementor-top-column elementor-element elementor-element-7a20070e\" data-id=\"7a20070e\" data-element_type=\"column\" data-e-type=\"column\">\n\t\t\t<div class=\"elementor-widget-wrap elementor-element-populated\">\n\t\t\t\t\t\t<div class=\"elementor-element elementor-element-a3719b0 elementor-hidden-tablet elementor-hidden-desktop elementor-widget elementor-widget-text-editor\" data-id=\"a3719b0\" data-element_type=\"widget\" data-e-type=\"widget\" data-widget_type=\"text-editor.default\">\n\t\t\t\t<div class=\"elementor-widget-container\">\n\t\t\t\t\t\t\t\t\t<h3>Die Ermittlungen werden ihn alles kosten. Sein Zeuge ist bereits tot. Und Mord war noch nie so profitabel.<\/h3><p><em><span class=\"a-text-italic\">Perfekt f\u00fcr Fans von Ben Aaronovitchs Rivers of London-Reihe, Jim Butchers Dresden Files und alle, die sich jemals gefragt haben, was passiert, wenn man Regierungspapieren Vampire hinzuf\u00fcgt.<\/span><\/em><\/p>\t\t\t\t\t\t\t\t<\/div>\n\t\t\t\t<\/div>\n\t\t\t\t<div class=\"elementor-element elementor-element-3d78146 elementor-align-center elementor-mobile-align-center elementor-widget elementor-widget-button\" data-id=\"3d78146\" data-element_type=\"widget\" data-e-type=\"widget\" data-widget_type=\"button.default\">\n\t\t\t\t<div class=\"elementor-widget-container\">\n\t\t\t\t\t\t\t\t\t<div class=\"elementor-button-wrapper\">\n\t\t\t\t\t<a class=\"elementor-button elementor-button-link elementor-size-sm\" href=\"https:\/\/books.joegillis.com\/tqux0i8lr6\" target=\"_blank\">\n\t\t\t\t\t\t<span class=\"elementor-button-content-wrapper\">\n\t\t\t\t\t\t\t\t\t<span class=\"elementor-button-text\">JETZT KAUFEN!<\/span>\n\t\t\t\t\t<\/span>\n\t\t\t\t\t<\/a>\n\t\t\t\t<\/div>\n\t\t\t\t\t\t\t\t<\/div>\n\t\t\t\t<\/div>\n\t\t\t\t<div class=\"elementor-element elementor-element-324576f4 elementor-widget elementor-widget-spacer\" data-id=\"324576f4\" data-element_type=\"widget\" data-e-type=\"widget\" data-widget_type=\"spacer.default\">\n\t\t\t\t<div class=\"elementor-widget-container\">\n\t\t\t\t\t\t\t<div class=\"elementor-spacer\">\n\t\t\t<div class=\"elementor-spacer-inner\"><\/div>\n\t\t<\/div>\n\t\t\t\t\t\t<\/div>\n\t\t\t\t<\/div>\n\t\t\t\t\t<\/div>\n\t\t<\/div>\n\t\t\t\t\t<\/div>\n\t\t<\/section>\n\t\t\t\t<section class=\"elementor-section elementor-top-section elementor-element elementor-element-6520b5b9 elementor-section-boxed elementor-section-height-default elementor-section-height-default\" data-id=\"6520b5b9\" data-element_type=\"section\" data-e-type=\"section\">\n\t\t\t\t\t\t<div class=\"elementor-container elementor-column-gap-default\">\n\t\t\t\t\t<div class=\"elementor-column elementor-col-100 elementor-top-column elementor-element elementor-element-26e107c\" data-id=\"26e107c\" data-element_type=\"column\" data-e-type=\"column\">\n\t\t\t<div class=\"elementor-widget-wrap elementor-element-populated\">\n\t\t\t\t\t\t<div class=\"elementor-element elementor-element-146a8a63 elementor-widget-divider--view-line elementor-widget elementor-widget-divider\" data-id=\"146a8a63\" data-element_type=\"widget\" data-e-type=\"widget\" data-widget_type=\"divider.default\">\n\t\t\t\t<div class=\"elementor-widget-container\">\n\t\t\t\t\t\t\t<div class=\"elementor-divider\">\n\t\t\t<span class=\"elementor-divider-separator\">\n\t\t\t\t\t\t<\/span>\n\t\t<\/div>\n\t\t\t\t\t\t<\/div>\n\t\t\t\t<\/div>\n\t\t\t\t<div class=\"elementor-element elementor-element-65de90de elementor-widget elementor-widget-heading\" data-id=\"65de90de\" data-element_type=\"widget\" data-e-type=\"widget\" data-widget_type=\"heading.default\">\n\t\t\t\t<div class=\"elementor-widget-container\">\n\t\t\t\t\t<h2 class=\"elementor-heading-title elementor-size-default\">WEITERE B\u00dcCHER<\/h2>\t\t\t\t<\/div>\n\t\t\t\t<\/div>\n\t\t\t\t<div class=\"elementor-element elementor-element-3978ffe6 elementor-widget elementor-widget-spacer\" data-id=\"3978ffe6\" data-element_type=\"widget\" data-e-type=\"widget\" data-widget_type=\"spacer.default\">\n\t\t\t\t<div class=\"elementor-widget-container\">\n\t\t\t\t\t\t\t<div class=\"elementor-spacer\">\n\t\t\t<div class=\"elementor-spacer-inner\"><\/div>\n\t\t<\/div>\n\t\t\t\t\t\t<\/div>\n\t\t\t\t<\/div>\n\t\t\t\t\t<\/div>\n\t\t<\/div>\n\t\t\t\t\t<\/div>\n\t\t<\/section>\n\t\t\t\t<section class=\"elementor-section elementor-top-section elementor-element elementor-element-73d2821b elementor-section-boxed elementor-section-height-default elementor-section-height-default\" data-id=\"73d2821b\" data-element_type=\"section\" data-e-type=\"section\">\n\t\t\t\t\t\t<div class=\"elementor-container elementor-column-gap-default\">\n\t\t\t\t\t<div class=\"elementor-column elementor-col-50 elementor-top-column elementor-element elementor-element-631cf79a\" data-id=\"631cf79a\" data-element_type=\"column\" data-e-type=\"column\">\n\t\t\t<div class=\"elementor-widget-wrap elementor-element-populated\">\n\t\t\t\t\t\t<div class=\"elementor-element elementor-element-73b66761 elementor-widget elementor-widget-image\" data-id=\"73b66761\" data-element_type=\"widget\" data-e-type=\"widget\" data-widget_type=\"image.default\">\n\t\t\t\t<div class=\"elementor-widget-container\">\n\t\t\t\t\t\t\t\t\t\t\t\t\t\t\t\t<a href=\"https:\/\/www.joegillis.com\/de\/sam-kane-untoter-detective\/\">\n\t\t\t\t\t\t\t<img decoding=\"async\" width=\"640\" height=\"1024\" src=\"https:\/\/ebeuva676k5.exactdn.com\/wp-content\/uploads\/2025\/12\/Temp-Book-2-Cover-GERMAN-640x1024.jpg?strip=all\" class=\"attachment-large size-large wp-image-6237\" alt=\"Einheit F\u00fcr Paranormale Verbrechen Buch 2 Cover von Joe Gillis mit einer Hand, die sich unter einem Vollmond auf einem gruseligen Friedhof aus einem Grab mit der Aufschrift \u201eSam Kane\u201c erhebt.\" srcset=\"https:\/\/ebeuva676k5.exactdn.com\/wp-content\/uploads\/2025\/12\/Temp-Book-2-Cover-GERMAN-640x1024.jpg?strip=all 640w, https:\/\/ebeuva676k5.exactdn.com\/wp-content\/uploads\/2025\/12\/Temp-Book-2-Cover-GERMAN-188x300.jpg?strip=all 188w, https:\/\/ebeuva676k5.exactdn.com\/wp-content\/uploads\/2025\/12\/Temp-Book-2-Cover-GERMAN-768x1229.jpg?strip=all 768w, https:\/\/ebeuva676k5.exactdn.com\/wp-content\/uploads\/2025\/12\/Temp-Book-2-Cover-GERMAN-960x1536.jpg?strip=all 960w, https:\/\/ebeuva676k5.exactdn.com\/wp-content\/uploads\/2025\/12\/Temp-Book-2-Cover-GERMAN-1280x2048.jpg?strip=all 1280w, https:\/\/ebeuva676k5.exactdn.com\/wp-content\/uploads\/2025\/12\/Temp-Book-2-Cover-GERMAN-500x800.jpg?strip=all 500w, https:\/\/ebeuva676k5.exactdn.com\/wp-content\/uploads\/2025\/12\/Temp-Book-2-Cover-GERMAN-406x649.jpg?strip=all 406w, https:\/\/ebeuva676k5.exactdn.com\/wp-content\/uploads\/2025\/12\/Temp-Book-2-Cover-GERMAN.jpg?strip=all 1500w, https:\/\/ebeuva676k5.exactdn.com\/wp-content\/uploads\/2025\/12\/Temp-Book-2-Cover-GERMAN.jpg?strip=all&amp;w=300 300w, https:\/\/ebeuva676k5.exactdn.com\/wp-content\/uploads\/2025\/12\/Temp-Book-2-Cover-GERMAN.jpg?strip=all&amp;w=900 900w, https:\/\/ebeuva676k5.exactdn.com\/wp-content\/uploads\/2025\/12\/Temp-Book-2-Cover-GERMAN.jpg?strip=all&amp;w=1200 1200w\" sizes=\"(max-width: 640px) 100vw, 640px\" \/>\t\t\t\t\t\t\t\t<\/a>\n\t\t\t\t\t\t\t\t\t\t\t\t\t\t\t<\/div>\n\t\t\t\t<\/div>\n\t\t\t\t<div class=\"elementor-element elementor-element-77ce6a71 elementor-widget elementor-widget-text-editor\" data-id=\"77ce6a71\" data-element_type=\"widget\" data-e-type=\"widget\" data-widget_type=\"text-editor.default\">\n\t\t\t\t<div class=\"elementor-widget-container\">\n\t\t\t\t\t\t\t\t\t<div class=\"a-expander-content a-expander-partial-collapse-content a-expander-content-expanded\" data-expanded=\"true\"><h3><strong><span class=\"a-text-bold\">Der Tod war erst der Anfang seines Pensums.<\/span><\/strong><\/h3><p class=\"font-claude-response-body break-words whitespace-normal leading-[1.7]\">Eigentlich sollte der Tod das Ende des Papierkrams bedeuten.<\/p><p class=\"font-claude-response-body break-words whitespace-normal leading-[1.7]\">Detective Sam Kane \u00fcberlebte sein erstes Jahr in der \u00fcbernat\u00fcrlichen Welt \u2013 mit den Vampiren, den Werw\u00f6lfen und den Formularen in dreifacher Ausfertigung. Er baute ein Team auf. Er schloss F\u00e4lle ab. Er fing sogar an, das Gef\u00fchl zu haben, dazuzugeh\u00f6ren.<\/p><p class=\"font-claude-response-body break-words whitespace-normal leading-[1.7]\">Dann jagte ihm jemand eine Kugel in den Leib.<\/p><\/div>\t\t\t\t\t\t\t\t<\/div>\n\t\t\t\t<\/div>\n\t\t\t\t<div class=\"elementor-element elementor-element-5ed0f535 elementor-align-center elementor-mobile-align-center elementor-hidden-tablet elementor-hidden-mobile elementor-widget elementor-widget-button\" data-id=\"5ed0f535\" data-element_type=\"widget\" data-e-type=\"widget\" data-widget_type=\"button.default\">\n\t\t\t\t<div class=\"elementor-widget-container\">\n\t\t\t\t\t\t\t\t\t<div class=\"elementor-button-wrapper\">\n\t\t\t\t\t<a class=\"elementor-button elementor-button-link elementor-size-sm\" href=\"https:\/\/books.joegillis.com\/iarll66tey\" target=\"_blank\">\n\t\t\t\t\t\t<span class=\"elementor-button-content-wrapper\">\n\t\t\t\t\t\t\t\t\t<span class=\"elementor-button-text\">VORBESTELLEN<\/span>\n\t\t\t\t\t<\/span>\n\t\t\t\t\t<\/a>\n\t\t\t\t<\/div>\n\t\t\t\t\t\t\t\t<\/div>\n\t\t\t\t<\/div>\n\t\t\t\t\t<\/div>\n\t\t<\/div>\n\t\t\t\t<div class=\"elementor-column elementor-col-50 elementor-top-column elementor-element elementor-element-60973449\" data-id=\"60973449\" data-element_type=\"column\" data-e-type=\"column\">\n\t\t\t<div class=\"elementor-widget-wrap elementor-element-populated\">\n\t\t\t\t\t\t<div class=\"elementor-element elementor-element-7eee4a49 elementor-widget elementor-widget-image\" data-id=\"7eee4a49\" data-element_type=\"widget\" data-e-type=\"widget\" data-widget_type=\"image.default\">\n\t\t\t\t<div class=\"elementor-widget-container\">\n\t\t\t\t\t\t\t\t\t\t\t\t\t\t\t\t<a href=\"https:\/\/books.joegillis.com\/e1hisxw1nz\" target=\"_blank\">\n\t\t\t\t\t\t\t<img decoding=\"async\" width=\"683\" height=\"1024\" src=\"https:\/\/ebeuva676k5.exactdn.com\/wp-content\/uploads\/2026\/03\/Bite-Me-Cover-German-683x1024.jpg?strip=all\" class=\"attachment-large size-large wp-image-7538\" alt=\"Illustrated book cover showing a dark-haired man and blonde woman embracing under a full moon. Title reads &quot;Bite Me, Billionaire: Billionaire Vampires Book 1&quot; by Rachel Star and Joe Gillis.\" srcset=\"https:\/\/ebeuva676k5.exactdn.com\/wp-content\/uploads\/2026\/03\/Bite-Me-Cover-German-683x1024.jpg?strip=all 683w, https:\/\/ebeuva676k5.exactdn.com\/wp-content\/uploads\/2026\/03\/Bite-Me-Cover-German-200x300.jpg?strip=all 200w, https:\/\/ebeuva676k5.exactdn.com\/wp-content\/uploads\/2026\/03\/Bite-Me-Cover-German-768x1152.jpg?strip=all 768w, https:\/\/ebeuva676k5.exactdn.com\/wp-content\/uploads\/2026\/03\/Bite-Me-Cover-German-1024x1536.jpg?strip=all 1024w, https:\/\/ebeuva676k5.exactdn.com\/wp-content\/uploads\/2026\/03\/Bite-Me-Cover-German-533x800.jpg?strip=all 533w, https:\/\/ebeuva676k5.exactdn.com\/wp-content\/uploads\/2026\/03\/Bite-Me-Cover-German-433x649.jpg?strip=all 433w, https:\/\/ebeuva676k5.exactdn.com\/wp-content\/uploads\/2026\/03\/Bite-Me-Cover-German.jpg?strip=all 1280w, https:\/\/ebeuva676k5.exactdn.com\/wp-content\/uploads\/2026\/03\/Bite-Me-Cover-German.jpg?strip=all&amp;w=256 256w\" sizes=\"(max-width: 683px) 100vw, 683px\" \/>\t\t\t\t\t\t\t\t<\/a>\n\t\t\t\t\t\t\t\t\t\t\t\t\t\t\t<\/div>\n\t\t\t\t<\/div>\n\t\t\t\t<div class=\"elementor-element elementor-element-6a91b94d elementor-widget elementor-widget-heading\" data-id=\"6a91b94d\" data-element_type=\"widget\" data-e-type=\"widget\" data-widget_type=\"heading.default\">\n\t\t\t\t<div class=\"elementor-widget-container\">\n\t\t\t\t\t<h2 class=\"elementor-heading-title elementor-size-default\">BILLIONAIRE VAMPIRES<\/h2>\t\t\t\t<\/div>\n\t\t\t\t<\/div>\n\t\t\t\t<div class=\"elementor-element elementor-element-beee6db elementor-widget elementor-widget-heading\" data-id=\"beee6db\" data-element_type=\"widget\" data-e-type=\"widget\" data-widget_type=\"heading.default\">\n\t\t\t\t<div class=\"elementor-widget-container\">\n\t\t\t\t\t<h2 class=\"elementor-heading-title elementor-size-default\">BOOK 1<\/h2>\t\t\t\t<\/div>\n\t\t\t\t<\/div>\n\t\t\t\t<div class=\"elementor-element elementor-element-7bde1338 elementor-widget elementor-widget-text-editor\" data-id=\"7bde1338\" data-element_type=\"widget\" data-e-type=\"widget\" data-widget_type=\"text-editor.default\">\n\t\t\t\t<div class=\"elementor-widget-container\">\n\t\t\t\t\t\t\t\t\t<p><strong>Bei\u00df mich, Milliard\u00e4r<\/strong> ist eine paranormale Liebeskom\u00f6die f\u00fcr Leser, die ihre Monster chaotisch, ihre Romanzen zum Dahinschmelzen und ihren Humor scharf genug m\u00f6gen, um Blut flie\u00dfen zu lassen.<\/p>\t\t\t\t\t\t\t\t<\/div>\n\t\t\t\t<\/div>\n\t\t\t\t<div class=\"elementor-element elementor-element-4d26e404 elementor-hidden-tablet elementor-hidden-mobile elementor-widget elementor-widget-spacer\" data-id=\"4d26e404\" data-element_type=\"widget\" data-e-type=\"widget\" data-widget_type=\"spacer.default\">\n\t\t\t\t<div class=\"elementor-widget-container\">\n\t\t\t\t\t\t\t<div class=\"elementor-spacer\">\n\t\t\t<div class=\"elementor-spacer-inner\"><\/div>\n\t\t<\/div>\n\t\t\t\t\t\t<\/div>\n\t\t\t\t<\/div>\n\t\t\t\t<div class=\"elementor-element elementor-element-1c94e904 elementor-align-center elementor-mobile-align-center elementor-widget elementor-widget-button\" data-id=\"1c94e904\" data-element_type=\"widget\" data-e-type=\"widget\" data-widget_type=\"button.default\">\n\t\t\t\t<div class=\"elementor-widget-container\">\n\t\t\t\t\t\t\t\t\t<div class=\"elementor-button-wrapper\">\n\t\t\t\t\t<a class=\"elementor-button elementor-button-link elementor-size-sm\" href=\"https:\/\/books.joegillis.com\/e1hisxw1nz\" target=\"_blank\">\n\t\t\t\t\t\t<span class=\"elementor-button-content-wrapper\">\n\t\t\t\t\t\t\t\t\t<span class=\"elementor-button-text\">JETZT KAUFEN!<\/span>\n\t\t\t\t\t<\/span>\n\t\t\t\t\t<\/a>\n\t\t\t\t<\/div>\n\t\t\t\t\t\t\t\t<\/div>\n\t\t\t\t<\/div>\n\t\t\t\t\t<\/div>\n\t\t<\/div>\n\t\t\t\t\t<\/div>\n\t\t<\/section>\n\t\t\t\t<section class=\"elementor-section elementor-top-section elementor-element elementor-element-a91d3ef elementor-section-boxed elementor-section-height-default elementor-section-height-default\" data-id=\"a91d3ef\" data-element_type=\"section\" data-e-type=\"section\">\n\t\t\t\t\t\t<div class=\"elementor-container elementor-column-gap-default\">\n\t\t\t\t\t<div class=\"elementor-column elementor-col-100 elementor-top-column elementor-element elementor-element-703c870f\" data-id=\"703c870f\" data-element_type=\"column\" data-e-type=\"column\">\n\t\t\t<div class=\"elementor-widget-wrap\">\n\t\t\t\t\t\t\t<\/div>\n\t\t<\/div>\n\t\t\t\t\t<\/div>\n\t\t<\/section>\n\t\t\t\t<\/div>\n\t\t","protected":false},"excerpt":{"rendered":"<p>EiNheiT F\u00fcR ParaNOrmale VerbRecheN EPV BAND 1 In einer Welt, in der Vampire real sind, tragen die t\u00f6dlichsten Monster Laborkittel. Detective Sam Kane hat sechs Jahre damit verbracht, erfolgreich \u00fcbernat\u00fcrlichen F\u00e4llen aus dem Weg zu gehen, in einer Welt, in der Vampire im Nachtdienst arbeiten und Werw\u00f6lfe der K-9-Einheit beitreten. Er ermittelt wegen Unterschlagung, nicht [&hellip;]<\/p>\n","protected":false},"author":1,"featured_media":6236,"parent":0,"menu_order":0,"comment_status":"closed","ping_status":"closed","template":"","meta":{"footnotes":""},"class_list":["post-8294","page","type-page","status-publish","has-post-thumbnail","hentry"],"jetpack_sharing_enabled":true,"_links":{"self":[{"href":"https:\/\/www.joegillis.com\/de\/wp-json\/wp\/v2\/pages\/8294","targetHints":{"allow":["GET"]}}],"collection":[{"href":"https:\/\/www.joegillis.com\/de\/wp-json\/wp\/v2\/pages"}],"about":[{"href":"https:\/\/www.joegillis.com\/de\/wp-json\/wp\/v2\/types\/page"}],"author":[{"embeddable":true,"href":"https:\/\/www.joegillis.com\/de\/wp-json\/wp\/v2\/users\/1"}],"replies":[{"embeddable":true,"href":"https:\/\/www.joegillis.com\/de\/wp-json\/wp\/v2\/comments?post=8294"}],"version-history":[{"count":10,"href":"https:\/\/www.joegillis.com\/de\/wp-json\/wp\/v2\/pages\/8294\/revisions"}],"predecessor-version":[{"id":8416,"href":"https:\/\/www.joegillis.com\/de\/wp-json\/wp\/v2\/pages\/8294\/revisions\/8416"}],"wp:featuredmedia":[{"embeddable":true,"href":"https:\/\/www.joegillis.com\/de\/wp-json\/wp\/v2\/media\/6236"}],"wp:attachment":[{"href":"https:\/\/www.joegillis.com\/de\/wp-json\/wp\/v2\/media?parent=8294"}],"curies":[{"name":"wp","href":"https:\/\/api.w.org\/{rel}","templated":true}]}}