{"id":6368,"date":"2022-06-04T18:31:26","date_gmt":"2022-06-05T01:31:26","guid":{"rendered":"https:\/\/www.joegillis.com\/biografia-de-joe-gillis\/"},"modified":"2025-12-07T17:19:46","modified_gmt":"2025-12-08T01:19:46","slug":"biografia-de-joe-gillis","status":"publish","type":"page","link":"https:\/\/www.joegillis.com\/es\/biografia-de-joe-gillis\/","title":{"rendered":"Biograf\u00eda de Joe Gillis"},"content":{"rendered":"\t\t<div data-elementor-type=\"wp-page\" data-elementor-id=\"6368\" class=\"elementor elementor-6368 elementor-430\" data-elementor-post-type=\"page\">\n\t\t\t\t\t\t<section class=\"elementor-section elementor-top-section elementor-element elementor-element-455dc1a elementor-section-boxed elementor-section-height-default elementor-section-height-default\" data-id=\"455dc1a\" data-element_type=\"section\" data-e-type=\"section\">\n\t\t\t\t\t\t<div class=\"elementor-container elementor-column-gap-default\">\n\t\t\t\t\t<div class=\"elementor-column elementor-col-100 elementor-top-column elementor-element elementor-element-0a8eb16\" data-id=\"0a8eb16\" data-element_type=\"column\" data-e-type=\"column\">\n\t\t\t<div class=\"elementor-widget-wrap elementor-element-populated\">\n\t\t\t\t\t\t<div class=\"elementor-element elementor-element-934af9a elementor-widget elementor-widget-spacer\" data-id=\"934af9a\" data-element_type=\"widget\" data-e-type=\"widget\" data-widget_type=\"spacer.default\">\n\t\t\t\t<div class=\"elementor-widget-container\">\n\t\t\t\t\t\t\t<div class=\"elementor-spacer\">\n\t\t\t<div class=\"elementor-spacer-inner\"><\/div>\n\t\t<\/div>\n\t\t\t\t\t\t<\/div>\n\t\t\t\t<\/div>\n\t\t\t\t<div class=\"elementor-element elementor-element-6a9b60f elementor-widget elementor-widget-text-editor\" data-id=\"6a9b60f\" data-element_type=\"widget\" data-e-type=\"widget\" data-widget_type=\"text-editor.default\">\n\t\t\t\t<div class=\"elementor-widget-container\">\n\t\t\t\t\t\t\t\t\t<h2>\u00bfAlguien sabe qui\u00e9n es Joe Gillis?<\/h2><p>-Tim Robbins, <em>The Player<\/em><\/p>\t\t\t\t\t\t\t\t<\/div>\n\t\t\t\t<\/div>\n\t\t\t\t<div class=\"elementor-element elementor-element-e4784bb elementor-widget elementor-widget-image\" data-id=\"e4784bb\" data-element_type=\"widget\" data-e-type=\"widget\" data-widget_type=\"image.default\">\n\t\t\t\t<div class=\"elementor-widget-container\">\n\t\t\t\t\t\t\t\t\t\t\t\t<figure class=\"wp-caption\">\n\t\t\t\t\t\t\t\t\t\t<img fetchpriority=\"high\" decoding=\"async\" width=\"1920\" height=\"1080\" src=\"https:\/\/ebeuva676k5.exactdn.com\/wp-content\/uploads\/2022\/06\/Joe-Gillis-9-Items-or-Less.jpg?strip=all\" class=\"attachment-full size-full wp-image-6369\" alt=\"Foto en blanco y negro de Joe Gillis leyendo un peri\u00f3dico sensacionalista\" srcset=\"https:\/\/ebeuva676k5.exactdn.com\/wp-content\/uploads\/2022\/06\/Joe-Gillis-9-Items-or-Less.jpg?strip=all 1920w, https:\/\/ebeuva676k5.exactdn.com\/wp-content\/uploads\/2022\/06\/Joe-Gillis-9-Items-or-Less-600x338.jpg?strip=all 600w, https:\/\/ebeuva676k5.exactdn.com\/wp-content\/uploads\/2022\/06\/Joe-Gillis-9-Items-or-Less-300x169.jpg?strip=all 300w, https:\/\/ebeuva676k5.exactdn.com\/wp-content\/uploads\/2022\/06\/Joe-Gillis-9-Items-or-Less-1024x576.jpg?strip=all 1024w, https:\/\/ebeuva676k5.exactdn.com\/wp-content\/uploads\/2022\/06\/Joe-Gillis-9-Items-or-Less-768x432.jpg?strip=all 768w, https:\/\/ebeuva676k5.exactdn.com\/wp-content\/uploads\/2022\/06\/Joe-Gillis-9-Items-or-Less-1536x864.jpg?strip=all 1536w, https:\/\/ebeuva676k5.exactdn.com\/wp-content\/uploads\/2022\/06\/Joe-Gillis-9-Items-or-Less.jpg?strip=all&amp;w=384 384w, https:\/\/ebeuva676k5.exactdn.com\/wp-content\/uploads\/2022\/06\/Joe-Gillis-9-Items-or-Less.jpg?strip=all&amp;w=1152 1152w, https:\/\/ebeuva676k5.exactdn.com\/wp-content\/uploads\/2022\/06\/Joe-Gillis-9-Items-or-Less.jpg?strip=all&amp;w=450 450w\" sizes=\"(max-width: 800px) 100vw, 800px\" \/>\t\t\t\t\t\t\t\t\t\t\t<figcaption class=\"widget-image-caption wp-caption-text\">Joe Gillis en \"9 Items or Less\"<\/figcaption>\n\t\t\t\t\t\t\t\t\t\t<\/figure>\n\t\t\t\t\t\t\t\t\t<\/div>\n\t\t\t\t<\/div>\n\t\t\t\t<div class=\"elementor-element elementor-element-d96ad93 elementor-widget elementor-widget-text-editor\" data-id=\"d96ad93\" data-element_type=\"widget\" data-e-type=\"widget\" data-widget_type=\"text-editor.default\">\n\t\t\t\t<div class=\"elementor-widget-container\">\n\t\t\t\t\t\t\t\t\t<p>Para muchos, el nombre Joe Gillis evoca la imagen de un hombre muerto flotando en una piscina, escena del principio de <em>Sunset Boulevard<\/em>. Ya sabe, esa pel\u00edcula de 1950 en la que Norma Desmond (interpretada por la incre\u00edble Gloria Swanson) dice: \u00abDe acuerdo, Sr. DeMille, estoy lista para mi primer plano\u00bb. Pues s\u00ed, me llamo igual que un personaje de pel\u00edcula, un guionista fracasado al que, obviamente, las cosas se le tuercen mucho (aparece muerto flotando en una piscina, y todo eso).  <\/p><p>Al igual que Joe Gillis, el personaje de William Holden, soy guionista y autor, y mis comienzos tambi\u00e9n estuvieron ligados al cine mudo. Mi primera pel\u00edcula, <em>9 Items or Less<\/em>, fue una comedia muda que protagonic\u00e9, escrib\u00ed, produje y dirig\u00ed, y al igual que <em>Sunset Blvd.<\/em>, se rod\u00f3 \u00edntegramente en gloriosa pel\u00edcula en blanco y negro. As\u00ed es, celuloide de verdad. \u00bfQue si soy un esnob del cine? No, me encanta el cine, e incluso dirig\u00ed varios cines en los a\u00f1os 90. Si me hubieran preguntado por lo digital en aquella \u00e9poca, habr\u00eda dicho que era una mierda (eran los 90, as\u00ed que lo era), pero ahora lo digital puede producir resultados absolutamente fenomenales, as\u00ed que soy un gran fan de ambas cosas.     <\/p><p>Despu\u00e9s de adaptar la obra de teatro <em>Voices from the High School<\/em> de Peter Dee a un largometraje, me adentr\u00e9 en el mundo de la televisi\u00f3n como productor, guionista y editor en programas de HGTV y DIY Network, incluyendo <em>Turf War<\/em>, <em>Yard Crashers<\/em>, <em>House Crashers<\/em>, vamos, todos los programas de <em>Crashers<\/em>, y <em>America&#8217;s Most Desperate Kitchens<\/em>, as\u00ed como experiencia en la radiodifusi\u00f3n p\u00fablica (AKA PBS) en <em>America&#8217;s Heartland<\/em> y <em>California&#8217;s Heartland<\/em>.<\/p><p>Como friki de la tecnolog\u00eda, los c\u00f3mics y la ciencia de toda la vida, era solo cuesti\u00f3n de tiempo que combinara mis conocimientos de producci\u00f3n televisiva con mi verdadera pasi\u00f3n por todo lo friki, y creara <em>Beyond Geek<\/em>. Mi carrera ha dado un giro completo ahora. Pas\u00e9 de estar solo detr\u00e1s de la c\u00e1mara, a hacer ambas cosas y volver a aparecer en pantalla, uni\u00e9ndome a <em>Beyond Geek<\/em> como presentador.  <\/p><p>Pero mis ambiciones narrativas no se detuvieron en la pantalla. Partiendo de mi perspectiva \u00fanica en la industria del entretenimiento y mis observaciones de nuestro mundo cada vez m\u00e1s digital, me he aventurado en la escritura de ficci\u00f3n. Mis novelas incluyen el thriller dist\u00f3pico sat\u00edrico <g id=\"gid_0\">Ragefluencers<\/g>, que explora la oscura intersecci\u00f3n de la influencia de las redes sociales y la manipulaci\u00f3n corporativa; la aventura postapocal\u00edptica <g id=\"gid_1\">Post-Apocalyptic Joe in a Cinematic Wasteland<\/g>, donde el cine y la supervivencia chocan; y la comedia de ciencia ficci\u00f3n para ni\u00f1os <g id=\"gid_2\">My Cat Came from Outer Space<\/g>, que demuestra que incluso las invasiones alien\u00edgenas pueden ser adorables. Cada libro refleja mi fascinaci\u00f3n por el impacto de la tecnolog\u00eda en la sociedad, filtrada a trav\u00e9s de mi amor por la narraci\u00f3n de g\u00e9nero y el agudo comentario social.   <\/p><p>As\u00ed que tengo mucho en com\u00fan con el personaje de Billy Wilder, Joe Gillis: Soy escritor&#8230; comprobado. Las pel\u00edculas mudas jugaron un papel fundamental en mi vida&#8230; comprobado. Bueno, eso es exagerar, ya que Gloria Swanson era la estrella del cine mudo. Pero estoy listo para mi primer plano&#8230; la parte de escritor de m\u00ed solo espera un final diferente, preferiblemente uno donde la escena de la piscina involucre una fiesta de lanzamiento de un libro en lugar de, bueno, ya saben.   <\/p>\t\t\t\t\t\t\t\t<\/div>\n\t\t\t\t<\/div>\n\t\t\t\t<div class=\"elementor-element elementor-element-d66911b elementor-widget elementor-widget-text-editor\" data-id=\"d66911b\" data-element_type=\"widget\" data-e-type=\"widget\" data-widget_type=\"text-editor.default\">\n\t\t\t\t<div class=\"elementor-widget-container\">\n\t\t\t\t\t\t\t\t\t<p>Cr\u00e9ditos de cine y televisi\u00f3n: <a href=\"https:\/\/www.imdb.com\/name\/nm1345214\/\" target=\"_blank\" rel=\"noopener\">https:\/\/www.imdb.com\/name\/nm1345214\/<\/a><\/p>\t\t\t\t\t\t\t\t<\/div>\n\t\t\t\t<\/div>\n\t\t\t\t<div class=\"elementor-element elementor-element-8cedb32 elementor-widget elementor-widget-spacer\" data-id=\"8cedb32\" data-element_type=\"widget\" data-e-type=\"widget\" data-widget_type=\"spacer.default\">\n\t\t\t\t<div class=\"elementor-widget-container\">\n\t\t\t\t\t\t\t<div class=\"elementor-spacer\">\n\t\t\t<div class=\"elementor-spacer-inner\"><\/div>\n\t\t<\/div>\n\t\t\t\t\t\t<\/div>\n\t\t\t\t<\/div>\n\t\t\t\t\t<\/div>\n\t\t<\/div>\n\t\t\t\t\t<\/div>\n\t\t<\/section>\n\t\t\t\t<\/div>\n\t\t","protected":false},"excerpt":{"rendered":"<p>\u00bfAlguien sabe qui\u00e9n es Joe Gillis? -Tim Robbins, The Player Joe Gillis en \u00ab9 Items or Less\u00bb Para muchos, el nombre Joe Gillis evoca la imagen de un hombre muerto flotando en una piscina, escena del principio de Sunset Boulevard. Ya sabe, esa pel\u00edcula de 1950 en la que Norma Desmond (interpretada por la incre\u00edble [&hellip;]<\/p>\n","protected":false},"author":1,"featured_media":6363,"parent":0,"menu_order":0,"comment_status":"closed","ping_status":"closed","template":"","meta":{"footnotes":""},"class_list":["post-6368","page","type-page","status-publish","has-post-thumbnail","hentry"],"jetpack_sharing_enabled":true,"_links":{"self":[{"href":"https:\/\/www.joegillis.com\/es\/wp-json\/wp\/v2\/pages\/6368","targetHints":{"allow":["GET"]}}],"collection":[{"href":"https:\/\/www.joegillis.com\/es\/wp-json\/wp\/v2\/pages"}],"about":[{"href":"https:\/\/www.joegillis.com\/es\/wp-json\/wp\/v2\/types\/page"}],"author":[{"embeddable":true,"href":"https:\/\/www.joegillis.com\/es\/wp-json\/wp\/v2\/users\/1"}],"replies":[{"embeddable":true,"href":"https:\/\/www.joegillis.com\/es\/wp-json\/wp\/v2\/comments?post=6368"}],"version-history":[{"count":1,"href":"https:\/\/www.joegillis.com\/es\/wp-json\/wp\/v2\/pages\/6368\/revisions"}],"predecessor-version":[{"id":6370,"href":"https:\/\/www.joegillis.com\/es\/wp-json\/wp\/v2\/pages\/6368\/revisions\/6370"}],"wp:featuredmedia":[{"embeddable":true,"href":"https:\/\/www.joegillis.com\/es\/wp-json\/wp\/v2\/media\/6363"}],"wp:attachment":[{"href":"https:\/\/www.joegillis.com\/es\/wp-json\/wp\/v2\/media?parent=6368"}],"curies":[{"name":"wp","href":"https:\/\/api.w.org\/{rel}","templated":true}]}}