{"id":8298,"date":"2026-04-11T13:51:46","date_gmt":"2026-04-11T20:51:46","guid":{"rendered":"https:\/\/www.joegillis.com\/unidad-de-crimenes-paranormales-libro-1\/"},"modified":"2026-04-11T22:06:56","modified_gmt":"2026-04-12T05:06:56","slug":"unidad-de-crimenes-paranormales-libro-1","status":"publish","type":"page","link":"https:\/\/www.joegillis.com\/es\/unidad-de-crimenes-paranormales-libro-1\/","title":{"rendered":"Unidad de Cr\u00edmenes Paranormales: Libro 1"},"content":{"rendered":"\t\t<div data-elementor-type=\"wp-page\" data-elementor-id=\"8298\" class=\"elementor elementor-8298 elementor-8263\" data-elementor-post-type=\"page\">\n\t\t\t\t\t\t<section class=\"elementor-section elementor-top-section elementor-element elementor-element-5dddd6bc elementor-section-boxed elementor-section-height-default elementor-section-height-default\" data-id=\"5dddd6bc\" data-element_type=\"section\" data-e-type=\"section\">\n\t\t\t\t\t\t<div class=\"elementor-container elementor-column-gap-default\">\n\t\t\t\t\t<div class=\"elementor-column elementor-col-100 elementor-top-column elementor-element elementor-element-20b69c89\" data-id=\"20b69c89\" data-element_type=\"column\" data-e-type=\"column\">\n\t\t\t<div class=\"elementor-widget-wrap elementor-element-populated\">\n\t\t\t\t\t\t<div class=\"elementor-element elementor-element-3625dce elementor-widget elementor-widget-spacer\" data-id=\"3625dce\" data-element_type=\"widget\" data-e-type=\"widget\" data-widget_type=\"spacer.default\">\n\t\t\t\t<div class=\"elementor-widget-container\">\n\t\t\t\t\t\t\t<div class=\"elementor-spacer\">\n\t\t\t<div class=\"elementor-spacer-inner\"><\/div>\n\t\t<\/div>\n\t\t\t\t\t\t<\/div>\n\t\t\t\t<\/div>\n\t\t\t\t<div class=\"elementor-element elementor-element-1a658afa elementor-widget elementor-widget-heading\" data-id=\"1a658afa\" data-element_type=\"widget\" data-e-type=\"widget\" data-widget_type=\"heading.default\">\n\t\t\t\t<div class=\"elementor-widget-container\">\n\t\t\t\t\t<h2 class=\"elementor-heading-title elementor-size-default\">UnIdAd dE CR\u00edmeNEs PaRaNOrMAlEs<\/h2>\t\t\t\t<\/div>\n\t\t\t\t<\/div>\n\t\t\t\t<div class=\"elementor-element elementor-element-6a1248b elementor-widget elementor-widget-heading\" data-id=\"6a1248b\" data-element_type=\"widget\" data-e-type=\"widget\" data-widget_type=\"heading.default\">\n\t\t\t\t<div class=\"elementor-widget-container\">\n\t\t\t\t\t<h2 class=\"elementor-heading-title elementor-size-default\">PCU LIBRO 1<\/h2>\t\t\t\t<\/div>\n\t\t\t\t<\/div>\n\t\t\t\t\t<\/div>\n\t\t<\/div>\n\t\t\t\t\t<\/div>\n\t\t<\/section>\n\t\t\t\t<section class=\"elementor-section elementor-top-section elementor-element elementor-element-368ef2c6 elementor-section-boxed elementor-section-height-default elementor-section-height-default\" data-id=\"368ef2c6\" data-element_type=\"section\" data-e-type=\"section\">\n\t\t\t\t\t\t<div class=\"elementor-container elementor-column-gap-default\">\n\t\t\t\t\t<div class=\"elementor-column elementor-col-100 elementor-top-column elementor-element elementor-element-7795c905\" data-id=\"7795c905\" data-element_type=\"column\" data-e-type=\"column\">\n\t\t\t<div class=\"elementor-widget-wrap elementor-element-populated\">\n\t\t\t\t\t\t<div class=\"elementor-element elementor-element-c8df84c elementor-widget elementor-widget-spacer\" data-id=\"c8df84c\" data-element_type=\"widget\" data-e-type=\"widget\" data-widget_type=\"spacer.default\">\n\t\t\t\t<div class=\"elementor-widget-container\">\n\t\t\t\t\t\t\t<div class=\"elementor-spacer\">\n\t\t\t<div class=\"elementor-spacer-inner\"><\/div>\n\t\t<\/div>\n\t\t\t\t\t\t<\/div>\n\t\t\t\t<\/div>\n\t\t\t\t\t<\/div>\n\t\t<\/div>\n\t\t\t\t\t<\/div>\n\t\t<\/section>\n\t\t\t\t<section class=\"elementor-section elementor-top-section elementor-element elementor-element-41263620 elementor-section-boxed elementor-section-height-default elementor-section-height-default\" data-id=\"41263620\" data-element_type=\"section\" data-e-type=\"section\">\n\t\t\t\t\t\t<div class=\"elementor-container elementor-column-gap-default\">\n\t\t\t\t\t<div class=\"elementor-column elementor-col-50 elementor-top-column elementor-element elementor-element-3f17a86a\" data-id=\"3f17a86a\" data-element_type=\"column\" data-e-type=\"column\">\n\t\t\t<div class=\"elementor-widget-wrap elementor-element-populated\">\n\t\t\t\t\t\t<div class=\"elementor-element elementor-element-55d60802 elementor-widget elementor-widget-text-editor\" data-id=\"55d60802\" data-element_type=\"widget\" data-e-type=\"widget\" data-widget_type=\"text-editor.default\">\n\t\t\t\t<div class=\"elementor-widget-container\">\n\t\t\t\t\t\t\t\t\t<div class=\"a-expander-content a-expander-partial-collapse-content a-expander-content-expanded\" data-expanded=\"true\"><h3><strong><span class=\"a-text-bold\">En un mundo donde los vampiros son reales, los monstruos m\u00e1s mort\u00edferos visten batas de laboratorio.<\/span><\/strong><\/h3><p>El detective Sam Kane ha pasado seis a\u00f1os evitando con \u00e9xito casos sobrenaturales en un mundo donde los vampiros trabajan en el turno de noche y los hombres lobo se unen a la unidad K-9. Investiga malversaciones, no monstruos. Los n\u00fameros no muerden y las hojas de c\u00e1lculo no requieren bolsas de evidencia forradas de plata.  <\/p><p>Pero cuando su testigo estrella es encontrado muerto con dos peque\u00f1as marcas en el cuello, y un rastro que conduce a un anillo de transformaci\u00f3n de vampiros con descuento que se aprovecha de los enfermos terminales, Kane se ve obligado a entrar en la \u00fanica divisi\u00f3n que ha evitado: la Unidad de Cr\u00edmenes Paranormales.<\/p><p>Ahora, asociado con un detective vampiro y un hombre lobo con un t\u00edtulo en ciencias forenses, Kane descubre una conspiraci\u00f3n que ha estado matando a personas desesperadas desde que comenz\u00f3 la integraci\u00f3n sobrenatural. Alguien ha estado vendiendo la muerte a precios de ganga y el n\u00famero de cad\u00e1veres est\u00e1 aumentando. <\/p><p>Mientras Kane navega por una pesadilla burocr\u00e1tica de protocolos de evidencia sobrenatural, derechos Miranda espec\u00edficos de cada especie y una capacitaci\u00f3n de sensibilidad de cuarenta horas que est\u00e1 tratando desesperadamente de evitar, descubre una verdad m\u00e1s aterradora que cualquier vampiro: a veces, los verdaderos monstruos son los que venden esperanza a los desesperados.<\/p><\/div>\t\t\t\t\t\t\t\t<\/div>\n\t\t\t\t<\/div>\n\t\t\t\t<div class=\"elementor-element elementor-element-1c1dc8a3 elementor-hidden-tablet elementor-hidden-mobile elementor-widget elementor-widget-text-editor\" data-id=\"1c1dc8a3\" data-element_type=\"widget\" data-e-type=\"widget\" data-widget_type=\"text-editor.default\">\n\t\t\t\t<div class=\"elementor-widget-container\">\n\t\t\t\t\t\t\t\t\t<h3>La investigaci\u00f3n le costar\u00e1 todo. Su testigo ya est\u00e1 muerto. Y el asesinato nunca ha sido tan rentable.<\/h3><p><em><span class=\"a-text-italic\">Perfecto para los fans de la serie Rivers of London de Ben Aaronovitch, los Dresden Files de Jim Butcher y cualquiera que se haya preguntado qu\u00e9 sucede cuando se a\u00f1aden vampiros al papeleo gubernamental.<\/span><\/em><\/p>\t\t\t\t\t\t\t\t<\/div>\n\t\t\t\t<\/div>\n\t\t\t\t\t<\/div>\n\t\t<\/div>\n\t\t\t\t<div class=\"elementor-column elementor-col-50 elementor-top-column elementor-element elementor-element-209252b4\" data-id=\"209252b4\" data-element_type=\"column\" data-e-type=\"column\">\n\t\t\t<div class=\"elementor-widget-wrap elementor-element-populated\">\n\t\t\t\t\t\t<div class=\"elementor-element elementor-element-70efca27 elementor-widget elementor-widget-image\" data-id=\"70efca27\" data-element_type=\"widget\" data-e-type=\"widget\" data-widget_type=\"image.default\">\n\t\t\t\t<div class=\"elementor-widget-container\">\n\t\t\t\t\t\t\t\t\t\t\t\t\t\t\t\t<a href=\"https:\/\/books.joegillis.com\/tqux0i8lr6\" target=\"_blank\">\n\t\t\t\t\t\t\t<img fetchpriority=\"high\" decoding=\"async\" width=\"640\" height=\"1024\" src=\"https:\/\/ebeuva676k5.exactdn.com\/wp-content\/uploads\/2025\/12\/PCU-Cover-Ebook-SPANISH-640x1024.jpg?strip=all\" class=\"attachment-large size-large wp-image-6295\" alt=\"El detective Sam Kane, una mujer y un hombre lobo est\u00e1n juntos en una calle de la ciudad por la noche con una luna llena de fondo. El t\u00edtulo del libro dice &quot;Unidad de Cr\u00edmenes Paranormales&quot; de Joe Gillis.\" srcset=\"https:\/\/ebeuva676k5.exactdn.com\/wp-content\/uploads\/2025\/12\/PCU-Cover-Ebook-SPANISH-640x1024.jpg?strip=all 640w, https:\/\/ebeuva676k5.exactdn.com\/wp-content\/uploads\/2025\/12\/PCU-Cover-Ebook-SPANISH-188x300.jpg?strip=all 188w, https:\/\/ebeuva676k5.exactdn.com\/wp-content\/uploads\/2025\/12\/PCU-Cover-Ebook-SPANISH-768x1229.jpg?strip=all 768w, https:\/\/ebeuva676k5.exactdn.com\/wp-content\/uploads\/2025\/12\/PCU-Cover-Ebook-SPANISH-960x1536.jpg?strip=all 960w, https:\/\/ebeuva676k5.exactdn.com\/wp-content\/uploads\/2025\/12\/PCU-Cover-Ebook-SPANISH-1280x2048.jpg?strip=all 1280w, https:\/\/ebeuva676k5.exactdn.com\/wp-content\/uploads\/2025\/12\/PCU-Cover-Ebook-SPANISH-500x800.jpg?strip=all 500w, https:\/\/ebeuva676k5.exactdn.com\/wp-content\/uploads\/2025\/12\/PCU-Cover-Ebook-SPANISH-406x649.jpg?strip=all 406w, https:\/\/ebeuva676k5.exactdn.com\/wp-content\/uploads\/2025\/12\/PCU-Cover-Ebook-SPANISH.jpg?strip=all 1500w, https:\/\/ebeuva676k5.exactdn.com\/wp-content\/uploads\/2025\/12\/PCU-Cover-Ebook-SPANISH.jpg?strip=all&amp;w=300 300w, https:\/\/ebeuva676k5.exactdn.com\/wp-content\/uploads\/2025\/12\/PCU-Cover-Ebook-SPANISH.jpg?strip=all&amp;w=900 900w, https:\/\/ebeuva676k5.exactdn.com\/wp-content\/uploads\/2025\/12\/PCU-Cover-Ebook-SPANISH.jpg?strip=all&amp;w=1200 1200w\" sizes=\"(max-width: 640px) 100vw, 640px\" \/>\t\t\t\t\t\t\t\t<\/a>\n\t\t\t\t\t\t\t\t\t\t\t\t\t\t\t<\/div>\n\t\t\t\t<\/div>\n\t\t\t\t<div class=\"elementor-element elementor-element-edbba90 elementor-hidden-mobile elementor-hidden-desktop elementor-widget elementor-widget-text-editor\" data-id=\"edbba90\" data-element_type=\"widget\" data-e-type=\"widget\" data-widget_type=\"text-editor.default\">\n\t\t\t\t<div class=\"elementor-widget-container\">\n\t\t\t\t\t\t\t\t\t<h3>La investigaci\u00f3n le costar\u00e1 todo. Su testigo ya est\u00e1 muerto. Y el asesinato nunca ha sido tan rentable.<\/h3><p><em><span class=\"a-text-italic\">Perfecto para los fans de la serie Rivers of London de Ben Aaronovitch, los Dresden Files de Jim Butcher y cualquiera que se haya preguntado qu\u00e9 sucede cuando se a\u00f1aden vampiros al papeleo gubernamental.<\/span><\/em><\/p>\t\t\t\t\t\t\t\t<\/div>\n\t\t\t\t<\/div>\n\t\t\t\t\t<\/div>\n\t\t<\/div>\n\t\t\t\t\t<\/div>\n\t\t<\/section>\n\t\t\t\t<section class=\"elementor-section elementor-top-section elementor-element elementor-element-4913e4ff elementor-section-boxed elementor-section-height-default elementor-section-height-default\" data-id=\"4913e4ff\" data-element_type=\"section\" data-e-type=\"section\">\n\t\t\t\t\t\t<div class=\"elementor-container elementor-column-gap-default\">\n\t\t\t\t\t<div class=\"elementor-column elementor-col-100 elementor-top-column elementor-element elementor-element-7a20070e\" data-id=\"7a20070e\" data-element_type=\"column\" data-e-type=\"column\">\n\t\t\t<div class=\"elementor-widget-wrap elementor-element-populated\">\n\t\t\t\t\t\t<div class=\"elementor-element elementor-element-a3719b0 elementor-hidden-tablet elementor-hidden-desktop elementor-widget elementor-widget-text-editor\" data-id=\"a3719b0\" data-element_type=\"widget\" data-e-type=\"widget\" data-widget_type=\"text-editor.default\">\n\t\t\t\t<div class=\"elementor-widget-container\">\n\t\t\t\t\t\t\t\t\t<h3>La investigaci\u00f3n le costar\u00e1 todo. Su testigo ya est\u00e1 muerto. Y el asesinato nunca ha sido tan rentable.<\/h3><p><em><span class=\"a-text-italic\">Perfecto para los fans de la serie Rivers of London de Ben Aaronovitch, los Dresden Files de Jim Butcher y cualquiera que se haya preguntado qu\u00e9 sucede cuando se a\u00f1aden vampiros al papeleo gubernamental.<\/span><\/em><\/p>\t\t\t\t\t\t\t\t<\/div>\n\t\t\t\t<\/div>\n\t\t\t\t<div class=\"elementor-element elementor-element-3d78146 elementor-align-center elementor-mobile-align-center elementor-widget elementor-widget-button\" data-id=\"3d78146\" data-element_type=\"widget\" data-e-type=\"widget\" data-widget_type=\"button.default\">\n\t\t\t\t<div class=\"elementor-widget-container\">\n\t\t\t\t\t\t\t\t\t<div class=\"elementor-button-wrapper\">\n\t\t\t\t\t<a class=\"elementor-button elementor-button-link elementor-size-sm\" href=\"https:\/\/books.joegillis.com\/tqux0i8lr6\" target=\"_blank\">\n\t\t\t\t\t\t<span class=\"elementor-button-content-wrapper\">\n\t\t\t\t\t\t\t\t\t<span class=\"elementor-button-text\">\u00a1OBT\u00c9NGALO AHORA!<\/span>\n\t\t\t\t\t<\/span>\n\t\t\t\t\t<\/a>\n\t\t\t\t<\/div>\n\t\t\t\t\t\t\t\t<\/div>\n\t\t\t\t<\/div>\n\t\t\t\t<div class=\"elementor-element elementor-element-324576f4 elementor-widget elementor-widget-spacer\" data-id=\"324576f4\" data-element_type=\"widget\" data-e-type=\"widget\" data-widget_type=\"spacer.default\">\n\t\t\t\t<div class=\"elementor-widget-container\">\n\t\t\t\t\t\t\t<div class=\"elementor-spacer\">\n\t\t\t<div class=\"elementor-spacer-inner\"><\/div>\n\t\t<\/div>\n\t\t\t\t\t\t<\/div>\n\t\t\t\t<\/div>\n\t\t\t\t\t<\/div>\n\t\t<\/div>\n\t\t\t\t\t<\/div>\n\t\t<\/section>\n\t\t\t\t<section class=\"elementor-section elementor-top-section elementor-element elementor-element-6520b5b9 elementor-section-boxed elementor-section-height-default elementor-section-height-default\" data-id=\"6520b5b9\" data-element_type=\"section\" data-e-type=\"section\">\n\t\t\t\t\t\t<div class=\"elementor-container elementor-column-gap-default\">\n\t\t\t\t\t<div class=\"elementor-column elementor-col-100 elementor-top-column elementor-element elementor-element-26e107c\" data-id=\"26e107c\" data-element_type=\"column\" data-e-type=\"column\">\n\t\t\t<div class=\"elementor-widget-wrap elementor-element-populated\">\n\t\t\t\t\t\t<div class=\"elementor-element elementor-element-146a8a63 elementor-widget-divider--view-line elementor-widget elementor-widget-divider\" data-id=\"146a8a63\" data-element_type=\"widget\" data-e-type=\"widget\" data-widget_type=\"divider.default\">\n\t\t\t\t<div class=\"elementor-widget-container\">\n\t\t\t\t\t\t\t<div class=\"elementor-divider\">\n\t\t\t<span class=\"elementor-divider-separator\">\n\t\t\t\t\t\t<\/span>\n\t\t<\/div>\n\t\t\t\t\t\t<\/div>\n\t\t\t\t<\/div>\n\t\t\t\t<div class=\"elementor-element elementor-element-65de90de elementor-widget elementor-widget-heading\" data-id=\"65de90de\" data-element_type=\"widget\" data-e-type=\"widget\" data-widget_type=\"heading.default\">\n\t\t\t\t<div class=\"elementor-widget-container\">\n\t\t\t\t\t<h2 class=\"elementor-heading-title elementor-size-default\">LIBROS RELACIONADOS<\/h2>\t\t\t\t<\/div>\n\t\t\t\t<\/div>\n\t\t\t\t<div class=\"elementor-element elementor-element-3978ffe6 elementor-widget elementor-widget-spacer\" data-id=\"3978ffe6\" data-element_type=\"widget\" data-e-type=\"widget\" data-widget_type=\"spacer.default\">\n\t\t\t\t<div class=\"elementor-widget-container\">\n\t\t\t\t\t\t\t<div class=\"elementor-spacer\">\n\t\t\t<div class=\"elementor-spacer-inner\"><\/div>\n\t\t<\/div>\n\t\t\t\t\t\t<\/div>\n\t\t\t\t<\/div>\n\t\t\t\t\t<\/div>\n\t\t<\/div>\n\t\t\t\t\t<\/div>\n\t\t<\/section>\n\t\t\t\t<section class=\"elementor-section elementor-top-section elementor-element elementor-element-73d2821b elementor-section-boxed elementor-section-height-default elementor-section-height-default\" data-id=\"73d2821b\" data-element_type=\"section\" data-e-type=\"section\">\n\t\t\t\t\t\t<div class=\"elementor-container elementor-column-gap-default\">\n\t\t\t\t\t<div class=\"elementor-column elementor-col-50 elementor-top-column elementor-element elementor-element-631cf79a\" data-id=\"631cf79a\" data-element_type=\"column\" data-e-type=\"column\">\n\t\t\t<div class=\"elementor-widget-wrap elementor-element-populated\">\n\t\t\t\t\t\t<div class=\"elementor-element elementor-element-73b66761 elementor-widget elementor-widget-image\" data-id=\"73b66761\" data-element_type=\"widget\" data-e-type=\"widget\" data-widget_type=\"image.default\">\n\t\t\t\t<div class=\"elementor-widget-container\">\n\t\t\t\t\t\t\t\t\t\t\t\t\t\t\t\t<a href=\"https:\/\/www.joegillis.com\/es\/sam-kane-detective-no-muerto\/\">\n\t\t\t\t\t\t\t<img decoding=\"async\" width=\"640\" height=\"1024\" src=\"https:\/\/ebeuva676k5.exactdn.com\/wp-content\/uploads\/2025\/12\/Temp-Book-2-Cover-SPANISH-640x1024.jpg?strip=all\" class=\"attachment-large size-large wp-image-6292\" alt=\"Portada del libro 2 de Unidad de Cr\u00edmenes Paranormales de Joe Gillis con una mano que se levanta de una tumba marcada como &quot;Sam Kane&quot; bajo una luna llena en un cementerio espeluznante.\" srcset=\"https:\/\/ebeuva676k5.exactdn.com\/wp-content\/uploads\/2025\/12\/Temp-Book-2-Cover-SPANISH-640x1024.jpg?strip=all 640w, https:\/\/ebeuva676k5.exactdn.com\/wp-content\/uploads\/2025\/12\/Temp-Book-2-Cover-SPANISH-188x300.jpg?strip=all 188w, https:\/\/ebeuva676k5.exactdn.com\/wp-content\/uploads\/2025\/12\/Temp-Book-2-Cover-SPANISH-768x1229.jpg?strip=all 768w, https:\/\/ebeuva676k5.exactdn.com\/wp-content\/uploads\/2025\/12\/Temp-Book-2-Cover-SPANISH-960x1536.jpg?strip=all 960w, https:\/\/ebeuva676k5.exactdn.com\/wp-content\/uploads\/2025\/12\/Temp-Book-2-Cover-SPANISH-1280x2048.jpg?strip=all 1280w, https:\/\/ebeuva676k5.exactdn.com\/wp-content\/uploads\/2025\/12\/Temp-Book-2-Cover-SPANISH-500x800.jpg?strip=all 500w, https:\/\/ebeuva676k5.exactdn.com\/wp-content\/uploads\/2025\/12\/Temp-Book-2-Cover-SPANISH-406x649.jpg?strip=all 406w, https:\/\/ebeuva676k5.exactdn.com\/wp-content\/uploads\/2025\/12\/Temp-Book-2-Cover-SPANISH.jpg?strip=all 1500w, https:\/\/ebeuva676k5.exactdn.com\/wp-content\/uploads\/2025\/12\/Temp-Book-2-Cover-SPANISH.jpg?strip=all&amp;w=300 300w, https:\/\/ebeuva676k5.exactdn.com\/wp-content\/uploads\/2025\/12\/Temp-Book-2-Cover-SPANISH.jpg?strip=all&amp;w=900 900w, https:\/\/ebeuva676k5.exactdn.com\/wp-content\/uploads\/2025\/12\/Temp-Book-2-Cover-SPANISH.jpg?strip=all&amp;w=1200 1200w\" sizes=\"(max-width: 640px) 100vw, 640px\" \/>\t\t\t\t\t\t\t\t<\/a>\n\t\t\t\t\t\t\t\t\t\t\t\t\t\t\t<\/div>\n\t\t\t\t<\/div>\n\t\t\t\t<div class=\"elementor-element elementor-element-77ce6a71 elementor-widget elementor-widget-text-editor\" data-id=\"77ce6a71\" data-element_type=\"widget\" data-e-type=\"widget\" data-widget_type=\"text-editor.default\">\n\t\t\t\t<div class=\"elementor-widget-container\">\n\t\t\t\t\t\t\t\t\t<div class=\"a-expander-content a-expander-partial-collapse-content a-expander-content-expanded\" data-expanded=\"true\"><h3><strong><span class=\"a-text-bold\">Death was just the beginning of his caseload.<\/span><\/strong><\/h3><p class=\"font-claude-response-body break-words whitespace-normal leading-[1.7]\">Death was supposed to be the end of the paperwork.<\/p><p class=\"font-claude-response-body break-words whitespace-normal leading-[1.7]\">Detective Sam Kane survived his first year in the supernatural world \u2014 the vampires, the werewolves, the forms filed in triplicate. He built a team. He closed cases. He even started to feel like he belonged.<\/p><p class=\"font-claude-response-body break-words whitespace-normal leading-[1.7]\">Then someone put a bullet in him.<\/p><\/div>\t\t\t\t\t\t\t\t<\/div>\n\t\t\t\t<\/div>\n\t\t\t\t<div class=\"elementor-element elementor-element-5ed0f535 elementor-align-center elementor-mobile-align-center elementor-hidden-tablet elementor-hidden-mobile elementor-widget elementor-widget-button\" data-id=\"5ed0f535\" data-element_type=\"widget\" data-e-type=\"widget\" data-widget_type=\"button.default\">\n\t\t\t\t<div class=\"elementor-widget-container\">\n\t\t\t\t\t\t\t\t\t<div class=\"elementor-button-wrapper\">\n\t\t\t\t\t<a class=\"elementor-button elementor-button-link elementor-size-sm\" href=\"https:\/\/books.joegillis.com\/iarll66tey\" target=\"_blank\">\n\t\t\t\t\t\t<span class=\"elementor-button-content-wrapper\">\n\t\t\t\t\t\t\t\t\t<span class=\"elementor-button-text\">RESERVAR<\/span>\n\t\t\t\t\t<\/span>\n\t\t\t\t\t<\/a>\n\t\t\t\t<\/div>\n\t\t\t\t\t\t\t\t<\/div>\n\t\t\t\t<\/div>\n\t\t\t\t\t<\/div>\n\t\t<\/div>\n\t\t\t\t<div class=\"elementor-column elementor-col-50 elementor-top-column elementor-element elementor-element-60973449\" data-id=\"60973449\" data-element_type=\"column\" data-e-type=\"column\">\n\t\t\t<div class=\"elementor-widget-wrap elementor-element-populated\">\n\t\t\t\t\t\t<div class=\"elementor-element elementor-element-7eee4a49 elementor-widget elementor-widget-image\" data-id=\"7eee4a49\" data-element_type=\"widget\" data-e-type=\"widget\" data-widget_type=\"image.default\">\n\t\t\t\t<div class=\"elementor-widget-container\">\n\t\t\t\t\t\t\t\t\t\t\t\t\t\t\t\t<a href=\"https:\/\/books.joegillis.com\/e1hisxw1nz\" target=\"_blank\">\n\t\t\t\t\t\t\t<img decoding=\"async\" width=\"683\" height=\"1024\" src=\"https:\/\/ebeuva676k5.exactdn.com\/wp-content\/uploads\/2026\/03\/Bite-Me-Cover-Spanish-683x1024.jpg?strip=all\" class=\"attachment-large size-large wp-image-7454\" alt=\"Illustrated book cover showing a dark-haired man and blonde woman embracing under a full moon. Title reads &quot;Bite Me, Billionaire: Billionaire Vampires Book 1&quot; by Rachel Star and Joe Gillis.\" srcset=\"https:\/\/ebeuva676k5.exactdn.com\/wp-content\/uploads\/2026\/03\/Bite-Me-Cover-Spanish-683x1024.jpg?strip=all 683w, https:\/\/ebeuva676k5.exactdn.com\/wp-content\/uploads\/2026\/03\/Bite-Me-Cover-Spanish-200x300.jpg?strip=all 200w, https:\/\/ebeuva676k5.exactdn.com\/wp-content\/uploads\/2026\/03\/Bite-Me-Cover-Spanish-768x1152.jpg?strip=all 768w, https:\/\/ebeuva676k5.exactdn.com\/wp-content\/uploads\/2026\/03\/Bite-Me-Cover-Spanish-1024x1536.jpg?strip=all 1024w, https:\/\/ebeuva676k5.exactdn.com\/wp-content\/uploads\/2026\/03\/Bite-Me-Cover-Spanish-533x800.jpg?strip=all 533w, https:\/\/ebeuva676k5.exactdn.com\/wp-content\/uploads\/2026\/03\/Bite-Me-Cover-Spanish-433x649.jpg?strip=all 433w, https:\/\/ebeuva676k5.exactdn.com\/wp-content\/uploads\/2026\/03\/Bite-Me-Cover-Spanish.jpg?strip=all 1280w, https:\/\/ebeuva676k5.exactdn.com\/wp-content\/uploads\/2026\/03\/Bite-Me-Cover-Spanish.jpg?strip=all&amp;w=256 256w\" sizes=\"(max-width: 683px) 100vw, 683px\" \/>\t\t\t\t\t\t\t\t<\/a>\n\t\t\t\t\t\t\t\t\t\t\t\t\t\t\t<\/div>\n\t\t\t\t<\/div>\n\t\t\t\t<div class=\"elementor-element elementor-element-6a91b94d elementor-widget elementor-widget-heading\" data-id=\"6a91b94d\" data-element_type=\"widget\" data-e-type=\"widget\" data-widget_type=\"heading.default\">\n\t\t\t\t<div class=\"elementor-widget-container\">\n\t\t\t\t\t<h2 class=\"elementor-heading-title elementor-size-default\">BILLIONAIRE VAMPIRES<\/h2>\t\t\t\t<\/div>\n\t\t\t\t<\/div>\n\t\t\t\t<div class=\"elementor-element elementor-element-beee6db elementor-widget elementor-widget-heading\" data-id=\"beee6db\" data-element_type=\"widget\" data-e-type=\"widget\" data-widget_type=\"heading.default\">\n\t\t\t\t<div class=\"elementor-widget-container\">\n\t\t\t\t\t<h2 class=\"elementor-heading-title elementor-size-default\">BOOK 1<\/h2>\t\t\t\t<\/div>\n\t\t\t\t<\/div>\n\t\t\t\t<div class=\"elementor-element elementor-element-7bde1338 elementor-widget elementor-widget-text-editor\" data-id=\"7bde1338\" data-element_type=\"widget\" data-e-type=\"widget\" data-widget_type=\"text-editor.default\">\n\t\t\t\t<div class=\"elementor-widget-container\">\n\t\t\t\t\t\t\t\t\t<p><strong>Bite Me, Billionaire<\/strong> is paranormal romantic comedy for readers who love their monsters messy, their romance swoon-worthy, and their humor sharp enough to draw blood.<\/p>\t\t\t\t\t\t\t\t<\/div>\n\t\t\t\t<\/div>\n\t\t\t\t<div class=\"elementor-element elementor-element-4d26e404 elementor-hidden-tablet elementor-hidden-mobile elementor-widget elementor-widget-spacer\" data-id=\"4d26e404\" data-element_type=\"widget\" data-e-type=\"widget\" data-widget_type=\"spacer.default\">\n\t\t\t\t<div class=\"elementor-widget-container\">\n\t\t\t\t\t\t\t<div class=\"elementor-spacer\">\n\t\t\t<div class=\"elementor-spacer-inner\"><\/div>\n\t\t<\/div>\n\t\t\t\t\t\t<\/div>\n\t\t\t\t<\/div>\n\t\t\t\t<div class=\"elementor-element elementor-element-1c94e904 elementor-align-center elementor-mobile-align-center elementor-widget elementor-widget-button\" data-id=\"1c94e904\" data-element_type=\"widget\" data-e-type=\"widget\" data-widget_type=\"button.default\">\n\t\t\t\t<div class=\"elementor-widget-container\">\n\t\t\t\t\t\t\t\t\t<div class=\"elementor-button-wrapper\">\n\t\t\t\t\t<a class=\"elementor-button elementor-button-link elementor-size-sm\" href=\"https:\/\/books.joegillis.com\/e1hisxw1nz\" target=\"_blank\">\n\t\t\t\t\t\t<span class=\"elementor-button-content-wrapper\">\n\t\t\t\t\t\t\t\t\t<span class=\"elementor-button-text\">\u00a1OBT\u00c9NGALO AHORA!<\/span>\n\t\t\t\t\t<\/span>\n\t\t\t\t\t<\/a>\n\t\t\t\t<\/div>\n\t\t\t\t\t\t\t\t<\/div>\n\t\t\t\t<\/div>\n\t\t\t\t\t<\/div>\n\t\t<\/div>\n\t\t\t\t\t<\/div>\n\t\t<\/section>\n\t\t\t\t<section class=\"elementor-section elementor-top-section elementor-element elementor-element-a91d3ef elementor-section-boxed elementor-section-height-default elementor-section-height-default\" data-id=\"a91d3ef\" data-element_type=\"section\" data-e-type=\"section\">\n\t\t\t\t\t\t<div class=\"elementor-container elementor-column-gap-default\">\n\t\t\t\t\t<div class=\"elementor-column elementor-col-100 elementor-top-column elementor-element elementor-element-703c870f\" data-id=\"703c870f\" data-element_type=\"column\" data-e-type=\"column\">\n\t\t\t<div class=\"elementor-widget-wrap\">\n\t\t\t\t\t\t\t<\/div>\n\t\t<\/div>\n\t\t\t\t\t<\/div>\n\t\t<\/section>\n\t\t\t\t<\/div>\n\t\t","protected":false},"excerpt":{"rendered":"<p>UnIdAd dE CR\u00edmeNEs PaRaNOrMAlEs PCU LIBRO 1 En un mundo donde los vampiros son reales, los monstruos m\u00e1s mort\u00edferos visten batas de laboratorio. El detective Sam Kane ha pasado seis a\u00f1os evitando con \u00e9xito casos sobrenaturales en un mundo donde los vampiros trabajan en el turno de noche y los hombres lobo se unen a [&hellip;]<\/p>\n","protected":false},"author":1,"featured_media":6291,"parent":0,"menu_order":0,"comment_status":"closed","ping_status":"closed","template":"","meta":{"footnotes":""},"class_list":["post-8298","page","type-page","status-publish","has-post-thumbnail","hentry"],"jetpack_sharing_enabled":true,"_links":{"self":[{"href":"https:\/\/www.joegillis.com\/es\/wp-json\/wp\/v2\/pages\/8298","targetHints":{"allow":["GET"]}}],"collection":[{"href":"https:\/\/www.joegillis.com\/es\/wp-json\/wp\/v2\/pages"}],"about":[{"href":"https:\/\/www.joegillis.com\/es\/wp-json\/wp\/v2\/types\/page"}],"author":[{"embeddable":true,"href":"https:\/\/www.joegillis.com\/es\/wp-json\/wp\/v2\/users\/1"}],"replies":[{"embeddable":true,"href":"https:\/\/www.joegillis.com\/es\/wp-json\/wp\/v2\/comments?post=8298"}],"version-history":[{"count":7,"href":"https:\/\/www.joegillis.com\/es\/wp-json\/wp\/v2\/pages\/8298\/revisions"}],"predecessor-version":[{"id":8417,"href":"https:\/\/www.joegillis.com\/es\/wp-json\/wp\/v2\/pages\/8298\/revisions\/8417"}],"wp:featuredmedia":[{"embeddable":true,"href":"https:\/\/www.joegillis.com\/es\/wp-json\/wp\/v2\/media\/6291"}],"wp:attachment":[{"href":"https:\/\/www.joegillis.com\/es\/wp-json\/wp\/v2\/media?parent=8298"}],"curies":[{"name":"wp","href":"https:\/\/api.w.org\/{rel}","templated":true}]}}