{"id":8328,"date":"2026-04-11T13:31:50","date_gmt":"2026-04-11T20:31:50","guid":{"rendered":"https:\/\/www.joegillis.com\/sam-kane-detective-no-muerto\/"},"modified":"2026-04-11T16:17:32","modified_gmt":"2026-04-11T23:17:32","slug":"sam-kane-detective-no-muerto","status":"publish","type":"page","link":"https:\/\/www.joegillis.com\/es\/sam-kane-detective-no-muerto\/","title":{"rendered":"Sam Kane, Detective no Muerto"},"content":{"rendered":"\t\t<div data-elementor-type=\"wp-page\" data-elementor-id=\"8328\" class=\"elementor elementor-8328 elementor-8221\" data-elementor-post-type=\"page\">\n\t\t\t\t\t\t<section class=\"elementor-section elementor-top-section elementor-element elementor-element-5dbe32c7 elementor-section-boxed elementor-section-height-default elementor-section-height-default\" data-id=\"5dbe32c7\" data-element_type=\"section\" data-e-type=\"section\">\n\t\t\t\t\t\t<div class=\"elementor-container elementor-column-gap-default\">\n\t\t\t\t\t<div class=\"elementor-column elementor-col-100 elementor-top-column elementor-element elementor-element-70a51a5d\" data-id=\"70a51a5d\" data-element_type=\"column\" data-e-type=\"column\">\n\t\t\t<div class=\"elementor-widget-wrap elementor-element-populated\">\n\t\t\t\t\t\t<div class=\"elementor-element elementor-element-ae1960e elementor-widget elementor-widget-spacer\" data-id=\"ae1960e\" data-element_type=\"widget\" data-e-type=\"widget\" data-widget_type=\"spacer.default\">\n\t\t\t\t<div class=\"elementor-widget-container\">\n\t\t\t\t\t\t\t<div class=\"elementor-spacer\">\n\t\t\t<div class=\"elementor-spacer-inner\"><\/div>\n\t\t<\/div>\n\t\t\t\t\t\t<\/div>\n\t\t\t\t<\/div>\n\t\t\t\t<div class=\"elementor-element elementor-element-0affe2b elementor-widget elementor-widget-heading\" data-id=\"0affe2b\" data-element_type=\"widget\" data-e-type=\"widget\" data-widget_type=\"heading.default\">\n\t\t\t\t<div class=\"elementor-widget-container\">\n\t\t\t\t\t<h2 class=\"elementor-heading-title elementor-size-default\">Sam Kane, Detective no Muerto<\/h2>\t\t\t\t<\/div>\n\t\t\t\t<\/div>\n\t\t\t\t<div class=\"elementor-element elementor-element-581a547d elementor-widget elementor-widget-heading\" data-id=\"581a547d\" data-element_type=\"widget\" data-e-type=\"widget\" data-widget_type=\"heading.default\">\n\t\t\t\t<div class=\"elementor-widget-container\">\n\t\t\t\t\t<h2 class=\"elementor-heading-title elementor-size-default\">UnIdAd dE CR\u00edmeNEs PaRaNOrMAlEs LibO 2<\/h2>\t\t\t\t<\/div>\n\t\t\t\t<\/div>\n\t\t\t\t\t<\/div>\n\t\t<\/div>\n\t\t\t\t\t<\/div>\n\t\t<\/section>\n\t\t\t\t<section class=\"elementor-section elementor-top-section elementor-element elementor-element-5843b107 elementor-section-boxed elementor-section-height-default elementor-section-height-default\" data-id=\"5843b107\" data-element_type=\"section\" data-e-type=\"section\">\n\t\t\t\t\t\t<div class=\"elementor-container elementor-column-gap-default\">\n\t\t\t\t\t<div class=\"elementor-column elementor-col-100 elementor-top-column elementor-element elementor-element-2d531168\" data-id=\"2d531168\" data-element_type=\"column\" data-e-type=\"column\">\n\t\t\t<div class=\"elementor-widget-wrap elementor-element-populated\">\n\t\t\t\t\t\t<div class=\"elementor-element elementor-element-1006dee elementor-widget elementor-widget-spacer\" data-id=\"1006dee\" data-element_type=\"widget\" data-e-type=\"widget\" data-widget_type=\"spacer.default\">\n\t\t\t\t<div class=\"elementor-widget-container\">\n\t\t\t\t\t\t\t<div class=\"elementor-spacer\">\n\t\t\t<div class=\"elementor-spacer-inner\"><\/div>\n\t\t<\/div>\n\t\t\t\t\t\t<\/div>\n\t\t\t\t<\/div>\n\t\t\t\t\t<\/div>\n\t\t<\/div>\n\t\t\t\t\t<\/div>\n\t\t<\/section>\n\t\t\t\t<section class=\"elementor-section elementor-top-section elementor-element elementor-element-74421a88 elementor-section-boxed elementor-section-height-default elementor-section-height-default\" data-id=\"74421a88\" data-element_type=\"section\" data-e-type=\"section\">\n\t\t\t\t\t\t<div class=\"elementor-container elementor-column-gap-default\">\n\t\t\t\t\t<div class=\"elementor-column elementor-col-50 elementor-top-column elementor-element elementor-element-6c510a7b\" data-id=\"6c510a7b\" data-element_type=\"column\" data-e-type=\"column\">\n\t\t\t<div class=\"elementor-widget-wrap elementor-element-populated\">\n\t\t\t\t\t\t<div class=\"elementor-element elementor-element-59abf462 elementor-widget elementor-widget-text-editor\" data-id=\"59abf462\" data-element_type=\"widget\" data-e-type=\"widget\" data-widget_type=\"text-editor.default\">\n\t\t\t\t<div class=\"elementor-widget-container\">\n\t\t\t\t\t\t\t\t\t<div class=\"a-expander-content a-expander-partial-collapse-content a-expander-content-expanded\" data-expanded=\"true\">\n<h3><strong><span class=\"a-text-bold\">La muerte fue solo el comienzo de su lista de casos.<\/span><\/strong><\/h3>\n<p class=\"font-claude-response-body break-words whitespace-normal leading-[1.7]\">Se supon\u00eda que la muerte era el fin del papeleo.<\/p>\n<p class=\"font-claude-response-body break-words whitespace-normal leading-[1.7]\">El detective Sam Kane sobrevivi\u00f3 a su primer a\u00f1o en el mundo sobrenatural: los vampiros, los hombres lobo, los formularios presentados por triplicado. Form\u00f3 un equipo. Resolvi\u00f3 casos. Incluso empez\u00f3 a sentir que pertenec\u00eda all\u00ed.<\/p>\n<p class=\"font-claude-response-body break-words whitespace-normal leading-[1.7]\">Entonces alguien le meti\u00f3 una bala.<\/p>\n<p class=\"font-claude-response-body break-words whitespace-normal leading-[1.7]\">Ahora Kane est\u00e1 de vuelta. Distinto. Mal. Cargando con preguntas para las que nadie en el departamento tiene un formulario, con una verdad de la que no puede huir y persiguiendo un caso que es m\u00e1s personal que cualquier cosa en la que haya trabajado. La ciudad no ha dejado de ser extra\u00f1a, la burocracia no ha dejado de ser imposible y las personas que dej\u00f3 atr\u00e1s han tenido doce largos meses para aprender a vivir sin \u00e9l.<\/p>\n<p class=\"font-claude-response-body break-words whitespace-normal leading-[1.7]\">Algunas deudas no pueden saldarse con un arresto. Algunos cr\u00edmenes pegan m\u00e1s fuerte que un expediente. \u00bfY algunos misterios? Comienzan con el detective en el espejo.<\/p>\n<p class=\"font-claude-response-body break-words whitespace-normal leading-[1.7]\">La placa 531 vuelve a estar en juego. Pero \u00bfel hombre detr\u00e1s de ella? Esa es la verdadera investigaci\u00f3n.<\/p><\/div>\t\t\t\t\t\t\t\t<\/div>\n\t\t\t\t<\/div>\n\t\t\t\t<div class=\"elementor-element elementor-element-c436ae1 elementor-hidden-tablet elementor-hidden-mobile elementor-widget elementor-widget-text-editor\" data-id=\"c436ae1\" data-element_type=\"widget\" data-e-type=\"widget\" data-widget_type=\"text-editor.default\">\n\t\t\t\t<div class=\"elementor-widget-container\">\n\t\t\t\t\t\t\t\t\t<h3><strong><span class=\"a-text-bold\">El caso m\u00e1s dif\u00edcil en el que ha trabajado es \u00e9l mismo.<\/span><\/strong><\/h3><p><em><span class=\"a-text-italic\">Perfecto para los fans de la serie Rivers of London de Ben Aaronovitch, los Dresden Files de Jim Butcher y cualquiera que se haya preguntado qu\u00e9 sucede cuando se a\u00f1aden vampiros al papeleo gubernamental.<\/span><\/em><\/p>\t\t\t\t\t\t\t\t<\/div>\n\t\t\t\t<\/div>\n\t\t\t\t<div class=\"elementor-element elementor-element-fe76aab elementor-hidden-tablet elementor-hidden-mobile elementor-widget elementor-widget-spacer\" data-id=\"fe76aab\" data-element_type=\"widget\" data-e-type=\"widget\" data-widget_type=\"spacer.default\">\n\t\t\t\t<div class=\"elementor-widget-container\">\n\t\t\t\t\t\t\t<div class=\"elementor-spacer\">\n\t\t\t<div class=\"elementor-spacer-inner\"><\/div>\n\t\t<\/div>\n\t\t\t\t\t\t<\/div>\n\t\t\t\t<\/div>\n\t\t\t\t<div class=\"elementor-element elementor-element-8d38ac1 elementor-align-center elementor-mobile-align-center elementor-hidden-tablet elementor-hidden-mobile elementor-widget elementor-widget-button\" data-id=\"8d38ac1\" data-element_type=\"widget\" data-e-type=\"widget\" data-widget_type=\"button.default\">\n\t\t\t\t<div class=\"elementor-widget-container\">\n\t\t\t\t\t\t\t\t\t<div class=\"elementor-button-wrapper\">\n\t\t\t\t\t<a class=\"elementor-button elementor-button-link elementor-size-sm\" href=\"https:\/\/books.joegillis.com\/iarll66tey\" target=\"_blank\">\n\t\t\t\t\t\t<span class=\"elementor-button-content-wrapper\">\n\t\t\t\t\t\t\t\t\t<span class=\"elementor-button-text\">RESERVAR<\/span>\n\t\t\t\t\t<\/span>\n\t\t\t\t\t<\/a>\n\t\t\t\t<\/div>\n\t\t\t\t\t\t\t\t<\/div>\n\t\t\t\t<\/div>\n\t\t\t\t\t<\/div>\n\t\t<\/div>\n\t\t\t\t<div class=\"elementor-column elementor-col-50 elementor-top-column elementor-element elementor-element-6d9450e\" data-id=\"6d9450e\" data-element_type=\"column\" data-e-type=\"column\">\n\t\t\t<div class=\"elementor-widget-wrap elementor-element-populated\">\n\t\t\t\t\t\t<div class=\"elementor-element elementor-element-7333de5d elementor-widget elementor-widget-image\" data-id=\"7333de5d\" data-element_type=\"widget\" data-e-type=\"widget\" data-widget_type=\"image.default\">\n\t\t\t\t<div class=\"elementor-widget-container\">\n\t\t\t\t\t\t\t\t\t\t\t\t\t\t\t\t<a href=\"https:\/\/books.joegillis.com\/iarll66tey\" target=\"_blank\">\n\t\t\t\t\t\t\t<img fetchpriority=\"high\" decoding=\"async\" width=\"640\" height=\"1024\" src=\"https:\/\/ebeuva676k5.exactdn.com\/wp-content\/uploads\/2025\/12\/Temp-Book-2-Cover-SPANISH-640x1024.jpg?strip=all\" class=\"attachment-large size-large wp-image-6292\" alt=\"Portada del libro 2 de Unidad de Cr\u00edmenes Paranormales de Joe Gillis con una mano que se levanta de una tumba marcada como &quot;Sam Kane&quot; bajo una luna llena en un cementerio espeluznante.\" srcset=\"https:\/\/ebeuva676k5.exactdn.com\/wp-content\/uploads\/2025\/12\/Temp-Book-2-Cover-SPANISH-640x1024.jpg?strip=all 640w, https:\/\/ebeuva676k5.exactdn.com\/wp-content\/uploads\/2025\/12\/Temp-Book-2-Cover-SPANISH-188x300.jpg?strip=all 188w, https:\/\/ebeuva676k5.exactdn.com\/wp-content\/uploads\/2025\/12\/Temp-Book-2-Cover-SPANISH-768x1229.jpg?strip=all 768w, https:\/\/ebeuva676k5.exactdn.com\/wp-content\/uploads\/2025\/12\/Temp-Book-2-Cover-SPANISH-960x1536.jpg?strip=all 960w, https:\/\/ebeuva676k5.exactdn.com\/wp-content\/uploads\/2025\/12\/Temp-Book-2-Cover-SPANISH-1280x2048.jpg?strip=all 1280w, https:\/\/ebeuva676k5.exactdn.com\/wp-content\/uploads\/2025\/12\/Temp-Book-2-Cover-SPANISH-500x800.jpg?strip=all 500w, https:\/\/ebeuva676k5.exactdn.com\/wp-content\/uploads\/2025\/12\/Temp-Book-2-Cover-SPANISH-406x649.jpg?strip=all 406w, https:\/\/ebeuva676k5.exactdn.com\/wp-content\/uploads\/2025\/12\/Temp-Book-2-Cover-SPANISH.jpg?strip=all 1500w, https:\/\/ebeuva676k5.exactdn.com\/wp-content\/uploads\/2025\/12\/Temp-Book-2-Cover-SPANISH.jpg?strip=all&amp;w=300 300w, https:\/\/ebeuva676k5.exactdn.com\/wp-content\/uploads\/2025\/12\/Temp-Book-2-Cover-SPANISH.jpg?strip=all&amp;w=900 900w, https:\/\/ebeuva676k5.exactdn.com\/wp-content\/uploads\/2025\/12\/Temp-Book-2-Cover-SPANISH.jpg?strip=all&amp;w=1200 1200w\" sizes=\"(max-width: 640px) 100vw, 640px\" \/>\t\t\t\t\t\t\t\t<\/a>\n\t\t\t\t\t\t\t\t\t\t\t\t\t\t\t<\/div>\n\t\t\t\t<\/div>\n\t\t\t\t\t<\/div>\n\t\t<\/div>\n\t\t\t\t\t<\/div>\n\t\t<\/section>\n\t\t\t\t<section class=\"elementor-section elementor-top-section elementor-element elementor-element-b6451dc elementor-hidden-desktop elementor-section-boxed elementor-section-height-default elementor-section-height-default\" data-id=\"b6451dc\" data-element_type=\"section\" data-e-type=\"section\">\n\t\t\t\t\t\t<div class=\"elementor-container elementor-column-gap-default\">\n\t\t\t\t\t<div class=\"elementor-column elementor-col-100 elementor-top-column elementor-element elementor-element-8abefdc\" data-id=\"8abefdc\" data-element_type=\"column\" data-e-type=\"column\">\n\t\t\t<div class=\"elementor-widget-wrap elementor-element-populated\">\n\t\t\t\t\t\t<div class=\"elementor-element elementor-element-4244847 elementor-widget elementor-widget-text-editor\" data-id=\"4244847\" data-element_type=\"widget\" data-e-type=\"widget\" data-widget_type=\"text-editor.default\">\n\t\t\t\t<div class=\"elementor-widget-container\">\n\t\t\t\t\t\t\t\t\t<h3><strong><span class=\"a-text-bold\">El caso m\u00e1s dif\u00edcil en el que ha trabajado es \u00e9l mismo.<\/span><\/strong><\/h3><p><em><span class=\"a-text-italic\">Perfecto para los fans de la serie Rivers of London de Ben Aaronovitch, los Dresden Files de Jim Butcher y cualquiera que se haya preguntado qu\u00e9 sucede cuando se a\u00f1aden vampiros al papeleo gubernamental.<\/span><\/em><\/p>\t\t\t\t\t\t\t\t<\/div>\n\t\t\t\t<\/div>\n\t\t\t\t<div class=\"elementor-element elementor-element-29534e65 elementor-align-center elementor-mobile-align-center elementor-widget elementor-widget-button\" data-id=\"29534e65\" data-element_type=\"widget\" data-e-type=\"widget\" data-widget_type=\"button.default\">\n\t\t\t\t<div class=\"elementor-widget-container\">\n\t\t\t\t\t\t\t\t\t<div class=\"elementor-button-wrapper\">\n\t\t\t\t\t<a class=\"elementor-button elementor-button-link elementor-size-sm\" href=\"https:\/\/books.joegillis.com\/iarll66tey\" target=\"_blank\">\n\t\t\t\t\t\t<span class=\"elementor-button-content-wrapper\">\n\t\t\t\t\t\t\t\t\t<span class=\"elementor-button-text\">RESERVAR<\/span>\n\t\t\t\t\t<\/span>\n\t\t\t\t\t<\/a>\n\t\t\t\t<\/div>\n\t\t\t\t\t\t\t\t<\/div>\n\t\t\t\t<\/div>\n\t\t\t\t<div class=\"elementor-element elementor-element-90f9f12 elementor-widget elementor-widget-spacer\" data-id=\"90f9f12\" data-element_type=\"widget\" data-e-type=\"widget\" data-widget_type=\"spacer.default\">\n\t\t\t\t<div class=\"elementor-widget-container\">\n\t\t\t\t\t\t\t<div class=\"elementor-spacer\">\n\t\t\t<div class=\"elementor-spacer-inner\"><\/div>\n\t\t<\/div>\n\t\t\t\t\t\t<\/div>\n\t\t\t\t<\/div>\n\t\t\t\t\t<\/div>\n\t\t<\/div>\n\t\t\t\t\t<\/div>\n\t\t<\/section>\n\t\t\t\t<section class=\"elementor-section elementor-top-section elementor-element elementor-element-f7848ee elementor-section-boxed elementor-section-height-default elementor-section-height-default\" data-id=\"f7848ee\" data-element_type=\"section\" data-e-type=\"section\">\n\t\t\t\t\t\t<div class=\"elementor-container elementor-column-gap-default\">\n\t\t\t\t\t<div class=\"elementor-column elementor-col-100 elementor-top-column elementor-element elementor-element-6217a40\" data-id=\"6217a40\" data-element_type=\"column\" data-e-type=\"column\">\n\t\t\t<div class=\"elementor-widget-wrap elementor-element-populated\">\n\t\t\t\t\t\t<div class=\"elementor-element elementor-element-47922b3 elementor-widget-divider--view-line elementor-widget elementor-widget-divider\" data-id=\"47922b3\" data-element_type=\"widget\" data-e-type=\"widget\" data-widget_type=\"divider.default\">\n\t\t\t\t<div class=\"elementor-widget-container\">\n\t\t\t\t\t\t\t<div class=\"elementor-divider\">\n\t\t\t<span class=\"elementor-divider-separator\">\n\t\t\t\t\t\t<\/span>\n\t\t<\/div>\n\t\t\t\t\t\t<\/div>\n\t\t\t\t<\/div>\n\t\t\t\t<div class=\"elementor-element elementor-element-463ad33 elementor-widget elementor-widget-heading\" data-id=\"463ad33\" data-element_type=\"widget\" data-e-type=\"widget\" data-widget_type=\"heading.default\">\n\t\t\t\t<div class=\"elementor-widget-container\">\n\t\t\t\t\t<h2 class=\"elementor-heading-title elementor-size-default\">LIBROS RELACIONADOS<\/h2>\t\t\t\t<\/div>\n\t\t\t\t<\/div>\n\t\t\t\t<div class=\"elementor-element elementor-element-e54f1e4 elementor-widget elementor-widget-spacer\" data-id=\"e54f1e4\" data-element_type=\"widget\" data-e-type=\"widget\" data-widget_type=\"spacer.default\">\n\t\t\t\t<div class=\"elementor-widget-container\">\n\t\t\t\t\t\t\t<div class=\"elementor-spacer\">\n\t\t\t<div class=\"elementor-spacer-inner\"><\/div>\n\t\t<\/div>\n\t\t\t\t\t\t<\/div>\n\t\t\t\t<\/div>\n\t\t\t\t\t<\/div>\n\t\t<\/div>\n\t\t\t\t\t<\/div>\n\t\t<\/section>\n\t\t\t\t<section class=\"elementor-section elementor-top-section elementor-element elementor-element-4709d99 elementor-section-boxed elementor-section-height-default elementor-section-height-default\" data-id=\"4709d99\" data-element_type=\"section\" data-e-type=\"section\">\n\t\t\t\t\t\t<div class=\"elementor-container elementor-column-gap-default\">\n\t\t\t\t\t<div class=\"elementor-column elementor-col-50 elementor-top-column elementor-element elementor-element-d30849c\" data-id=\"d30849c\" data-element_type=\"column\" data-e-type=\"column\">\n\t\t\t<div class=\"elementor-widget-wrap elementor-element-populated\">\n\t\t\t\t\t\t<div class=\"elementor-element elementor-element-82c926e elementor-widget elementor-widget-image\" data-id=\"82c926e\" data-element_type=\"widget\" data-e-type=\"widget\" data-widget_type=\"image.default\">\n\t\t\t\t<div class=\"elementor-widget-container\">\n\t\t\t\t\t\t\t\t\t\t\t\t\t\t\t\t<a href=\"https:\/\/books.joegillis.com\/tqux0i8lr6\" target=\"_blank\">\n\t\t\t\t\t\t\t<img decoding=\"async\" width=\"640\" height=\"1024\" src=\"https:\/\/ebeuva676k5.exactdn.com\/wp-content\/uploads\/2025\/12\/PCU-Cover-Ebook-SPANISH-640x1024.jpg?strip=all\" class=\"attachment-large size-large wp-image-6295\" alt=\"El detective Sam Kane, una mujer y un hombre lobo est\u00e1n juntos en una calle de la ciudad por la noche con una luna llena de fondo. El t\u00edtulo del libro dice &quot;Unidad de Cr\u00edmenes Paranormales&quot; de Joe Gillis.\" srcset=\"https:\/\/ebeuva676k5.exactdn.com\/wp-content\/uploads\/2025\/12\/PCU-Cover-Ebook-SPANISH-640x1024.jpg?strip=all 640w, https:\/\/ebeuva676k5.exactdn.com\/wp-content\/uploads\/2025\/12\/PCU-Cover-Ebook-SPANISH-188x300.jpg?strip=all 188w, https:\/\/ebeuva676k5.exactdn.com\/wp-content\/uploads\/2025\/12\/PCU-Cover-Ebook-SPANISH-768x1229.jpg?strip=all 768w, https:\/\/ebeuva676k5.exactdn.com\/wp-content\/uploads\/2025\/12\/PCU-Cover-Ebook-SPANISH-960x1536.jpg?strip=all 960w, https:\/\/ebeuva676k5.exactdn.com\/wp-content\/uploads\/2025\/12\/PCU-Cover-Ebook-SPANISH-1280x2048.jpg?strip=all 1280w, https:\/\/ebeuva676k5.exactdn.com\/wp-content\/uploads\/2025\/12\/PCU-Cover-Ebook-SPANISH-500x800.jpg?strip=all 500w, https:\/\/ebeuva676k5.exactdn.com\/wp-content\/uploads\/2025\/12\/PCU-Cover-Ebook-SPANISH-406x649.jpg?strip=all 406w, https:\/\/ebeuva676k5.exactdn.com\/wp-content\/uploads\/2025\/12\/PCU-Cover-Ebook-SPANISH.jpg?strip=all 1500w, https:\/\/ebeuva676k5.exactdn.com\/wp-content\/uploads\/2025\/12\/PCU-Cover-Ebook-SPANISH.jpg?strip=all&amp;w=300 300w, https:\/\/ebeuva676k5.exactdn.com\/wp-content\/uploads\/2025\/12\/PCU-Cover-Ebook-SPANISH.jpg?strip=all&amp;w=900 900w, https:\/\/ebeuva676k5.exactdn.com\/wp-content\/uploads\/2025\/12\/PCU-Cover-Ebook-SPANISH.jpg?strip=all&amp;w=1200 1200w\" sizes=\"(max-width: 640px) 100vw, 640px\" \/>\t\t\t\t\t\t\t\t<\/a>\n\t\t\t\t\t\t\t\t\t\t\t\t\t\t\t<\/div>\n\t\t\t\t<\/div>\n\t\t\t\t<div class=\"elementor-element elementor-element-8cb00a6 elementor-widget elementor-widget-text-editor\" data-id=\"8cb00a6\" data-element_type=\"widget\" data-e-type=\"widget\" data-widget_type=\"text-editor.default\">\n\t\t\t\t<div class=\"elementor-widget-container\">\n\t\t\t\t\t\t\t\t\t<div class=\"a-expander-content a-expander-partial-collapse-content a-expander-content-expanded\" data-expanded=\"true\"><p><strong><span class=\"a-text-bold\">En un mundo donde los vampiros son reales, los monstruos m\u00e1s mort\u00edferos visten batas de laboratorio.<\/span><\/strong><\/p><p>El detective Sam Kane ha pasado seis a\u00f1os evitando con \u00e9xito casos sobrenaturales en un mundo donde los vampiros trabajan en el turno de noche y los hombres lobo se unen a la unidad K-9. Investiga malversaciones, no monstruos. Los n\u00fameros no muerden y las hojas de c\u00e1lculo no requieren bolsas de evidencia forradas de plata.  <\/p><\/div>\t\t\t\t\t\t\t\t<\/div>\n\t\t\t\t<\/div>\n\t\t\t\t<div class=\"elementor-element elementor-element-3b85d1b4 elementor-align-center elementor-mobile-align-center elementor-widget elementor-widget-button\" data-id=\"3b85d1b4\" data-element_type=\"widget\" data-e-type=\"widget\" data-widget_type=\"button.default\">\n\t\t\t\t<div class=\"elementor-widget-container\">\n\t\t\t\t\t\t\t\t\t<div class=\"elementor-button-wrapper\">\n\t\t\t\t\t<a class=\"elementor-button elementor-button-link elementor-size-sm\" href=\"https:\/\/books.joegillis.com\/tqux0i8lr6\" target=\"_blank\">\n\t\t\t\t\t\t<span class=\"elementor-button-content-wrapper\">\n\t\t\t\t\t\t\t\t\t<span class=\"elementor-button-text\">\u00a1OBT\u00c9NGALO AHORA!<\/span>\n\t\t\t\t\t<\/span>\n\t\t\t\t\t<\/a>\n\t\t\t\t<\/div>\n\t\t\t\t\t\t\t\t<\/div>\n\t\t\t\t<\/div>\n\t\t\t\t\t<\/div>\n\t\t<\/div>\n\t\t\t\t<div class=\"elementor-column elementor-col-50 elementor-top-column elementor-element elementor-element-c50eccc\" data-id=\"c50eccc\" data-element_type=\"column\" data-e-type=\"column\">\n\t\t\t<div class=\"elementor-widget-wrap elementor-element-populated\">\n\t\t\t\t\t\t<div class=\"elementor-element elementor-element-95a6236 elementor-widget elementor-widget-image\" data-id=\"95a6236\" data-element_type=\"widget\" data-e-type=\"widget\" data-widget_type=\"image.default\">\n\t\t\t\t<div class=\"elementor-widget-container\">\n\t\t\t\t\t\t\t\t\t\t\t\t\t\t\t\t<a href=\"https:\/\/books.joegillis.com\/e1hisxw1nz\" target=\"_blank\">\n\t\t\t\t\t\t\t<img decoding=\"async\" width=\"683\" height=\"1024\" src=\"https:\/\/ebeuva676k5.exactdn.com\/wp-content\/uploads\/2026\/03\/Bite-Me-Cover-Spanish-683x1024.jpg?strip=all\" class=\"attachment-large size-large wp-image-7454\" alt=\"Illustrated book cover showing a dark-haired man and blonde woman embracing under a full moon. Title reads &quot;Bite Me, Billionaire: Billionaire Vampires Book 1&quot; by Rachel Star and Joe Gillis.\" srcset=\"https:\/\/ebeuva676k5.exactdn.com\/wp-content\/uploads\/2026\/03\/Bite-Me-Cover-Spanish-683x1024.jpg?strip=all 683w, https:\/\/ebeuva676k5.exactdn.com\/wp-content\/uploads\/2026\/03\/Bite-Me-Cover-Spanish-200x300.jpg?strip=all 200w, https:\/\/ebeuva676k5.exactdn.com\/wp-content\/uploads\/2026\/03\/Bite-Me-Cover-Spanish-768x1152.jpg?strip=all 768w, https:\/\/ebeuva676k5.exactdn.com\/wp-content\/uploads\/2026\/03\/Bite-Me-Cover-Spanish-1024x1536.jpg?strip=all 1024w, https:\/\/ebeuva676k5.exactdn.com\/wp-content\/uploads\/2026\/03\/Bite-Me-Cover-Spanish-533x800.jpg?strip=all 533w, https:\/\/ebeuva676k5.exactdn.com\/wp-content\/uploads\/2026\/03\/Bite-Me-Cover-Spanish-433x649.jpg?strip=all 433w, https:\/\/ebeuva676k5.exactdn.com\/wp-content\/uploads\/2026\/03\/Bite-Me-Cover-Spanish.jpg?strip=all 1280w, https:\/\/ebeuva676k5.exactdn.com\/wp-content\/uploads\/2026\/03\/Bite-Me-Cover-Spanish.jpg?strip=all&amp;w=256 256w\" sizes=\"(max-width: 683px) 100vw, 683px\" \/>\t\t\t\t\t\t\t\t<\/a>\n\t\t\t\t\t\t\t\t\t\t\t\t\t\t\t<\/div>\n\t\t\t\t<\/div>\n\t\t\t\t<div class=\"elementor-element elementor-element-49e15090 elementor-widget elementor-widget-heading\" data-id=\"49e15090\" data-element_type=\"widget\" data-e-type=\"widget\" data-widget_type=\"heading.default\">\n\t\t\t\t<div class=\"elementor-widget-container\">\n\t\t\t\t\t<h2 class=\"elementor-heading-title elementor-size-default\">BILLIONAIRE VAMPIRES<\/h2>\t\t\t\t<\/div>\n\t\t\t\t<\/div>\n\t\t\t\t<div class=\"elementor-element elementor-element-1ea36937 elementor-widget elementor-widget-heading\" data-id=\"1ea36937\" data-element_type=\"widget\" data-e-type=\"widget\" data-widget_type=\"heading.default\">\n\t\t\t\t<div class=\"elementor-widget-container\">\n\t\t\t\t\t<h2 class=\"elementor-heading-title elementor-size-default\">BOOK 1<\/h2>\t\t\t\t<\/div>\n\t\t\t\t<\/div>\n\t\t\t\t<div class=\"elementor-element elementor-element-6d1bf85a elementor-widget elementor-widget-text-editor\" data-id=\"6d1bf85a\" data-element_type=\"widget\" data-e-type=\"widget\" data-widget_type=\"text-editor.default\">\n\t\t\t\t<div class=\"elementor-widget-container\">\n\t\t\t\t\t\t\t\t\t<p><strong>Bite Me, Billionaire<\/strong> is paranormal romantic comedy for readers who love their monsters messy, their romance swoon-worthy, and their humor sharp enough to draw blood.<\/p>\t\t\t\t\t\t\t\t<\/div>\n\t\t\t\t<\/div>\n\t\t\t\t<div class=\"elementor-element elementor-element-34635fc elementor-hidden-tablet elementor-hidden-mobile elementor-widget elementor-widget-spacer\" data-id=\"34635fc\" data-element_type=\"widget\" data-e-type=\"widget\" data-widget_type=\"spacer.default\">\n\t\t\t\t<div class=\"elementor-widget-container\">\n\t\t\t\t\t\t\t<div class=\"elementor-spacer\">\n\t\t\t<div class=\"elementor-spacer-inner\"><\/div>\n\t\t<\/div>\n\t\t\t\t\t\t<\/div>\n\t\t\t\t<\/div>\n\t\t\t\t<div class=\"elementor-element elementor-element-6cc3362d elementor-align-center elementor-mobile-align-center elementor-widget elementor-widget-button\" data-id=\"6cc3362d\" data-element_type=\"widget\" data-e-type=\"widget\" data-widget_type=\"button.default\">\n\t\t\t\t<div class=\"elementor-widget-container\">\n\t\t\t\t\t\t\t\t\t<div class=\"elementor-button-wrapper\">\n\t\t\t\t\t<a class=\"elementor-button elementor-button-link elementor-size-sm\" href=\"https:\/\/books.joegillis.com\/e1hisxw1nz\" target=\"_blank\">\n\t\t\t\t\t\t<span class=\"elementor-button-content-wrapper\">\n\t\t\t\t\t\t\t\t\t<span class=\"elementor-button-text\">\u00a1OBT\u00c9NGALO AHORA!<\/span>\n\t\t\t\t\t<\/span>\n\t\t\t\t\t<\/a>\n\t\t\t\t<\/div>\n\t\t\t\t\t\t\t\t<\/div>\n\t\t\t\t<\/div>\n\t\t\t\t\t<\/div>\n\t\t<\/div>\n\t\t\t\t\t<\/div>\n\t\t<\/section>\n\t\t\t\t<section class=\"elementor-section elementor-top-section elementor-element elementor-element-643ac9b6 elementor-section-boxed elementor-section-height-default elementor-section-height-default\" data-id=\"643ac9b6\" data-element_type=\"section\" data-e-type=\"section\">\n\t\t\t\t\t\t<div class=\"elementor-container elementor-column-gap-default\">\n\t\t\t\t\t<div class=\"elementor-column elementor-col-100 elementor-top-column elementor-element elementor-element-5ff371ec\" data-id=\"5ff371ec\" data-element_type=\"column\" data-e-type=\"column\">\n\t\t\t<div class=\"elementor-widget-wrap\">\n\t\t\t\t\t\t\t<\/div>\n\t\t<\/div>\n\t\t\t\t\t<\/div>\n\t\t<\/section>\n\t\t\t\t<\/div>\n\t\t","protected":false},"excerpt":{"rendered":"<p>Detective Sam Kane is back from the dead \u2014 and the paperwork is even worse. The hit supernatural crime series returns with a mystery that starts in the mirror. Badge 531 is back in play, but nothing else is the same. Urban fantasy meets buddy-cop comedy in a world where the bureaucracy is deadlier than the monsters.<\/p>\n","protected":false},"author":1,"featured_media":8329,"parent":0,"menu_order":0,"comment_status":"closed","ping_status":"closed","template":"","meta":{"footnotes":""},"class_list":["post-8328","page","type-page","status-publish","has-post-thumbnail","hentry"],"jetpack_sharing_enabled":true,"_links":{"self":[{"href":"https:\/\/www.joegillis.com\/es\/wp-json\/wp\/v2\/pages\/8328","targetHints":{"allow":["GET"]}}],"collection":[{"href":"https:\/\/www.joegillis.com\/es\/wp-json\/wp\/v2\/pages"}],"about":[{"href":"https:\/\/www.joegillis.com\/es\/wp-json\/wp\/v2\/types\/page"}],"author":[{"embeddable":true,"href":"https:\/\/www.joegillis.com\/es\/wp-json\/wp\/v2\/users\/1"}],"replies":[{"embeddable":true,"href":"https:\/\/www.joegillis.com\/es\/wp-json\/wp\/v2\/comments?post=8328"}],"version-history":[{"count":2,"href":"https:\/\/www.joegillis.com\/es\/wp-json\/wp\/v2\/pages\/8328\/revisions"}],"predecessor-version":[{"id":8331,"href":"https:\/\/www.joegillis.com\/es\/wp-json\/wp\/v2\/pages\/8328\/revisions\/8331"}],"wp:featuredmedia":[{"embeddable":true,"href":"https:\/\/www.joegillis.com\/es\/wp-json\/wp\/v2\/media\/8329"}],"wp:attachment":[{"href":"https:\/\/www.joegillis.com\/es\/wp-json\/wp\/v2\/media?parent=8328"}],"curies":[{"name":"wp","href":"https:\/\/api.w.org\/{rel}","templated":true}]}}