{"id":6471,"date":"2022-06-04T18:31:26","date_gmt":"2022-06-05T01:31:26","guid":{"rendered":"https:\/\/www.joegillis.com\/biographie-de-joe-gillis\/"},"modified":"2025-12-09T14:48:52","modified_gmt":"2025-12-09T22:48:52","slug":"biographie-de-joe-gillis","status":"publish","type":"page","link":"https:\/\/www.joegillis.com\/fr\/biographie-de-joe-gillis\/","title":{"rendered":"Biographie de Joe Gillis"},"content":{"rendered":"\t\t<div data-elementor-type=\"wp-page\" data-elementor-id=\"6471\" class=\"elementor elementor-6471 elementor-430\" data-elementor-post-type=\"page\">\n\t\t\t\t\t\t<section class=\"elementor-section elementor-top-section elementor-element elementor-element-455dc1a elementor-section-boxed elementor-section-height-default elementor-section-height-default\" data-id=\"455dc1a\" data-element_type=\"section\" data-e-type=\"section\">\n\t\t\t\t\t\t<div class=\"elementor-container elementor-column-gap-default\">\n\t\t\t\t\t<div class=\"elementor-column elementor-col-100 elementor-top-column elementor-element elementor-element-0a8eb16\" data-id=\"0a8eb16\" data-element_type=\"column\" data-e-type=\"column\">\n\t\t\t<div class=\"elementor-widget-wrap elementor-element-populated\">\n\t\t\t\t\t\t<div class=\"elementor-element elementor-element-934af9a elementor-widget elementor-widget-spacer\" data-id=\"934af9a\" data-element_type=\"widget\" data-e-type=\"widget\" data-widget_type=\"spacer.default\">\n\t\t\t\t<div class=\"elementor-widget-container\">\n\t\t\t\t\t\t\t<div class=\"elementor-spacer\">\n\t\t\t<div class=\"elementor-spacer-inner\"><\/div>\n\t\t<\/div>\n\t\t\t\t\t\t<\/div>\n\t\t\t\t<\/div>\n\t\t\t\t<div class=\"elementor-element elementor-element-6a9b60f elementor-widget elementor-widget-text-editor\" data-id=\"6a9b60f\" data-element_type=\"widget\" data-e-type=\"widget\" data-widget_type=\"text-editor.default\">\n\t\t\t\t<div class=\"elementor-widget-container\">\n\t\t\t\t\t\t\t\t\t<h2>\u00ab Quelqu&rsquo;un sait-il qui est Joe Gillis ? \u00bb<\/h2><p>-Tim Robbins, <em>The Player<\/em><\/p>\t\t\t\t\t\t\t\t<\/div>\n\t\t\t\t<\/div>\n\t\t\t\t<div class=\"elementor-element elementor-element-e4784bb elementor-widget elementor-widget-image\" data-id=\"e4784bb\" data-element_type=\"widget\" data-e-type=\"widget\" data-widget_type=\"image.default\">\n\t\t\t\t<div class=\"elementor-widget-container\">\n\t\t\t\t\t\t\t\t\t\t\t\t<figure class=\"wp-caption\">\n\t\t\t\t\t\t\t\t\t\t<img fetchpriority=\"high\" decoding=\"async\" width=\"1920\" height=\"1080\" src=\"https:\/\/ebeuva676k5.exactdn.com\/wp-content\/uploads\/2022\/06\/Joe-Gillis-9-Items-or-Less.jpg?strip=all\" class=\"attachment-full size-full wp-image-6472\" alt=\"Photo en noir et blanc de Joe Gillis lisant un journal \u00e0 scandale\" srcset=\"https:\/\/ebeuva676k5.exactdn.com\/wp-content\/uploads\/2022\/06\/Joe-Gillis-9-Items-or-Less.jpg?strip=all 1920w, https:\/\/ebeuva676k5.exactdn.com\/wp-content\/uploads\/2022\/06\/Joe-Gillis-9-Items-or-Less-600x338.jpg?strip=all 600w, https:\/\/ebeuva676k5.exactdn.com\/wp-content\/uploads\/2022\/06\/Joe-Gillis-9-Items-or-Less-300x169.jpg?strip=all 300w, https:\/\/ebeuva676k5.exactdn.com\/wp-content\/uploads\/2022\/06\/Joe-Gillis-9-Items-or-Less-1024x576.jpg?strip=all 1024w, https:\/\/ebeuva676k5.exactdn.com\/wp-content\/uploads\/2022\/06\/Joe-Gillis-9-Items-or-Less-768x432.jpg?strip=all 768w, https:\/\/ebeuva676k5.exactdn.com\/wp-content\/uploads\/2022\/06\/Joe-Gillis-9-Items-or-Less-1536x864.jpg?strip=all 1536w, https:\/\/ebeuva676k5.exactdn.com\/wp-content\/uploads\/2022\/06\/Joe-Gillis-9-Items-or-Less.jpg?strip=all&amp;w=384 384w, https:\/\/ebeuva676k5.exactdn.com\/wp-content\/uploads\/2022\/06\/Joe-Gillis-9-Items-or-Less.jpg?strip=all&amp;w=1152 1152w, https:\/\/ebeuva676k5.exactdn.com\/wp-content\/uploads\/2022\/06\/Joe-Gillis-9-Items-or-Less.jpg?strip=all&amp;w=450 450w\" sizes=\"(max-width: 800px) 100vw, 800px\" \/>\t\t\t\t\t\t\t\t\t\t\t<figcaption class=\"widget-image-caption wp-caption-text\">Joe Gillis dans \u00ab 9 Items or Less \u00bb<\/figcaption>\n\t\t\t\t\t\t\t\t\t\t<\/figure>\n\t\t\t\t\t\t\t\t\t<\/div>\n\t\t\t\t<\/div>\n\t\t\t\t<div class=\"elementor-element elementor-element-d96ad93 elementor-widget elementor-widget-text-editor\" data-id=\"d96ad93\" data-element_type=\"widget\" data-e-type=\"widget\" data-widget_type=\"text-editor.default\">\n\t\t\t\t<div class=\"elementor-widget-container\">\n\t\t\t\t\t\t\t\t\t<p>Pour beaucoup, le nom de Joe Gillis \u00e9voque l&rsquo;image d&rsquo;un homme mort flottant dans une piscine au d\u00e9but de <em>Boulevard du Cr\u00e9puscule<\/em>. Vous savez, ce film de 1950 avec Norma Desmond (interpr\u00e9t\u00e9e par l&rsquo;incroyable Gloria Swanson) disant \u00ab C&rsquo;est bon, M. DeMille, je suis pr\u00eate pour mon gros plan. \u00bb En effet, mon nom est le m\u00eame que celui d&rsquo;un personnage de film qui est un sc\u00e9nariste en difficult\u00e9 et qui, de toute \u00e9vidence, voit les choses prendre un s\u00e9rieux mauvais tournant (flottant mort dans une piscine, et tout \u00e7a).  <\/p><p>Tout comme le Joe Gillis de William Holden, je suis sc\u00e9nariste et auteur \u2014 et mes d\u00e9buts \u00e9taient \u00e9galement li\u00e9s aux films muets. Mon premier film, <em>9 Items or Less<\/em>, \u00e9tait une com\u00e9die muette dans laquelle j&rsquo;ai jou\u00e9, que j&rsquo;ai \u00e9crite, produite et r\u00e9alis\u00e9e \u2014 et tout comme <em>Boulevard du Cr\u00e9puscule<\/em>, il a \u00e9t\u00e9 enti\u00e8rement tourn\u00e9 en glorieux noir et blanc. C&rsquo;est vrai, de la vraie pellicule. Suis-je un snob du cin\u00e9ma ? Non, j&rsquo;adore le cin\u00e9ma, et j&rsquo;ai m\u00eame g\u00e9r\u00e9 plusieurs salles de cin\u00e9ma dans les ann\u00e9es 90. Si vous m&rsquo;aviez interrog\u00e9 sur le num\u00e9rique \u00e0 l&rsquo;\u00e9poque, j&rsquo;aurais dit que c&rsquo;\u00e9tait nul (c&rsquo;\u00e9tait les ann\u00e9es 90, donc \u00e7a l&rsquo;\u00e9tait), mais le num\u00e9rique peut maintenant produire des r\u00e9sultats absolument ph\u00e9nom\u00e9naux, donc je suis un grand fan des deux.     <\/p><p>Apr\u00e8s avoir adapt\u00e9 la pi\u00e8ce <em>Voices from the High School<\/em> de Peter Dee en long m\u00e9trage, je suis entr\u00e9 dans le monde de la t\u00e9l\u00e9vision en tant que producteur, sc\u00e9nariste et monteur pour des \u00e9missions de HGTV et DIY Network, notamment <em>Turf War<\/em>, <em>Yard Crashers<\/em>, <em>House Crashers<\/em>, en fait, toutes les \u00e9missions <em>Crashers<\/em>, et <em>America&rsquo;s Most Desperate Kitchens<\/em>, ainsi qu&rsquo;une exp\u00e9rience dans la diffusion publique (alias PBS) sur <em>America&rsquo;s Heartland<\/em> et <em>California&rsquo;s Heartland<\/em>.<\/p><p>En tant que passionn\u00e9 de technologie, de bandes dessin\u00e9es et de science depuis toujours, il n&rsquo;\u00e9tait qu&rsquo;une question de temps avant que je ne combine mes connaissances en production t\u00e9l\u00e9visuelle avec ma v\u00e9ritable passion pour tout ce qui est geek, et que je cr\u00e9e <em>Beyond Geek<\/em>. Ma carri\u00e8re a maintenant fait le tour complet. Je suis pass\u00e9 de simplement \u00eatre derri\u00e8re la cam\u00e9ra \u00e0 faire les deux, \u00eatre \u00e0 la fois derri\u00e8re et devant la cam\u00e9ra \u00e0 nouveau, en rejoignant <em>Beyond Geek<\/em> en tant qu&rsquo;animateur.  <\/p><p>Mais mes ambitions de conteur ne se sont pas arr\u00eat\u00e9es \u00e0 l&rsquo;\u00e9cran. M&rsquo;inspirant de ma perspective unique dans l&rsquo;industrie du divertissement et de mes observations sur notre monde de plus en plus num\u00e9rique, je me suis aventur\u00e9 dans l&rsquo;\u00e9criture de fiction. Mes romans incluent le thriller dystopique satirique <em>Ragefluencers<\/em>, qui explore l&rsquo;intersection sombre entre l&rsquo;influence des m\u00e9dias sociaux et la manipulation des entreprises ; l&rsquo;aventure post-apocalyptique <em>Post-Apocalyptic Joe in a Cinematic Wasteland<\/em>, o\u00f9 le cin\u00e9ma et la survie s&rsquo;entrechoquent ; et la com\u00e9die de science-fiction pour pr\u00e9adolescents <em>My Cat Came from Outer Space<\/em>, prouvant que m\u00eame les invasions extraterrestres peuvent \u00eatre adorables. Chaque livre refl\u00e8te ma fascination pour l&rsquo;impact de la technologie sur la soci\u00e9t\u00e9, filtr\u00e9e \u00e0 travers mon amour pour la narration de genre et le commentaire social ac\u00e9r\u00e9.   <\/p><p>J&rsquo;ai donc beaucoup en commun avec le personnage de Joe Gillis de Billy Wilder : je suis un \u00e9crivain&#8230; coch\u00e9. Les films muets ont jou\u00e9 un r\u00f4le crucial dans ma vie&#8230; coch\u00e9. Bon, celui-l\u00e0 est un peu tir\u00e9 par les cheveux puisque Gloria Swanson \u00e9tait la star du cin\u00e9ma muet. Mais je suis pr\u00eat pour mon gros plan&#8230; la partie \u00e9crivain en moi esp\u00e8re juste une fin diff\u00e9rente \u2014 de pr\u00e9f\u00e9rence une o\u00f9 la sc\u00e8ne de la piscine implique une f\u00eate de lancement de livre plut\u00f4t que, eh bien, vous savez.   <\/p>\t\t\t\t\t\t\t\t<\/div>\n\t\t\t\t<\/div>\n\t\t\t\t<div class=\"elementor-element elementor-element-d66911b elementor-widget elementor-widget-text-editor\" data-id=\"d66911b\" data-element_type=\"widget\" data-e-type=\"widget\" data-widget_type=\"text-editor.default\">\n\t\t\t\t<div class=\"elementor-widget-container\">\n\t\t\t\t\t\t\t\t\t<p>Cr\u00e9dits cin\u00e9matographiques et t\u00e9l\u00e9visuels : <a href=\"https:\/\/www.imdb.com\/name\/nm1345214\/\" target=\"_blank\" rel=\"noopener\">https:\/\/www.imdb.com\/name\/nm1345214\/<\/a><\/p>\t\t\t\t\t\t\t\t<\/div>\n\t\t\t\t<\/div>\n\t\t\t\t<div class=\"elementor-element elementor-element-8cedb32 elementor-widget elementor-widget-spacer\" data-id=\"8cedb32\" data-element_type=\"widget\" data-e-type=\"widget\" data-widget_type=\"spacer.default\">\n\t\t\t\t<div class=\"elementor-widget-container\">\n\t\t\t\t\t\t\t<div class=\"elementor-spacer\">\n\t\t\t<div class=\"elementor-spacer-inner\"><\/div>\n\t\t<\/div>\n\t\t\t\t\t\t<\/div>\n\t\t\t\t<\/div>\n\t\t\t\t\t<\/div>\n\t\t<\/div>\n\t\t\t\t\t<\/div>\n\t\t<\/section>\n\t\t\t\t<\/div>\n\t\t","protected":false},"excerpt":{"rendered":"<p>\u00ab Quelqu&rsquo;un sait-il qui est Joe Gillis ? \u00bb -Tim Robbins, The Player Joe Gillis dans \u00ab 9 Items or Less \u00bb Pour beaucoup, le nom de Joe Gillis \u00e9voque l&rsquo;image d&rsquo;un homme mort flottant dans une piscine au d\u00e9but de Boulevard du Cr\u00e9puscule. Vous savez, ce film de 1950 avec Norma Desmond (interpr\u00e9t\u00e9e par [&hellip;]<\/p>\n","protected":false},"author":1,"featured_media":6473,"parent":0,"menu_order":0,"comment_status":"closed","ping_status":"closed","template":"","meta":{"footnotes":""},"class_list":["post-6471","page","type-page","status-publish","has-post-thumbnail","hentry"],"jetpack_sharing_enabled":true,"_links":{"self":[{"href":"https:\/\/www.joegillis.com\/fr\/wp-json\/wp\/v2\/pages\/6471","targetHints":{"allow":["GET"]}}],"collection":[{"href":"https:\/\/www.joegillis.com\/fr\/wp-json\/wp\/v2\/pages"}],"about":[{"href":"https:\/\/www.joegillis.com\/fr\/wp-json\/wp\/v2\/types\/page"}],"author":[{"embeddable":true,"href":"https:\/\/www.joegillis.com\/fr\/wp-json\/wp\/v2\/users\/1"}],"replies":[{"embeddable":true,"href":"https:\/\/www.joegillis.com\/fr\/wp-json\/wp\/v2\/comments?post=6471"}],"version-history":[{"count":1,"href":"https:\/\/www.joegillis.com\/fr\/wp-json\/wp\/v2\/pages\/6471\/revisions"}],"predecessor-version":[{"id":6474,"href":"https:\/\/www.joegillis.com\/fr\/wp-json\/wp\/v2\/pages\/6471\/revisions\/6474"}],"wp:featuredmedia":[{"embeddable":true,"href":"https:\/\/www.joegillis.com\/fr\/wp-json\/wp\/v2\/media\/6473"}],"wp:attachment":[{"href":"https:\/\/www.joegillis.com\/fr\/wp-json\/wp\/v2\/media?parent=6471"}],"curies":[{"name":"wp","href":"https:\/\/api.w.org\/{rel}","templated":true}]}}