{"id":8302,"date":"2026-04-11T13:51:46","date_gmt":"2026-04-11T20:51:46","guid":{"rendered":"https:\/\/www.joegillis.com\/unite-des-crimes-paranormaux-livre-1\/"},"modified":"2026-04-11T22:06:57","modified_gmt":"2026-04-12T05:06:57","slug":"unite-des-crimes-paranormaux-livre-1","status":"publish","type":"page","link":"https:\/\/www.joegillis.com\/fr\/unite-des-crimes-paranormaux-livre-1\/","title":{"rendered":"Unit\u00e9 des Crimes Paranormaux: Livre 1"},"content":{"rendered":"\t\t<div data-elementor-type=\"wp-page\" data-elementor-id=\"8302\" class=\"elementor elementor-8302 elementor-8263\" data-elementor-post-type=\"page\">\n\t\t\t\t\t\t<section class=\"elementor-section elementor-top-section elementor-element elementor-element-5dddd6bc elementor-section-boxed elementor-section-height-default elementor-section-height-default\" data-id=\"5dddd6bc\" data-element_type=\"section\" data-e-type=\"section\">\n\t\t\t\t\t\t<div class=\"elementor-container elementor-column-gap-default\">\n\t\t\t\t\t<div class=\"elementor-column elementor-col-100 elementor-top-column elementor-element elementor-element-20b69c89\" data-id=\"20b69c89\" data-element_type=\"column\" data-e-type=\"column\">\n\t\t\t<div class=\"elementor-widget-wrap elementor-element-populated\">\n\t\t\t\t\t\t<div class=\"elementor-element elementor-element-3625dce elementor-widget elementor-widget-spacer\" data-id=\"3625dce\" data-element_type=\"widget\" data-e-type=\"widget\" data-widget_type=\"spacer.default\">\n\t\t\t\t<div class=\"elementor-widget-container\">\n\t\t\t\t\t\t\t<div class=\"elementor-spacer\">\n\t\t\t<div class=\"elementor-spacer-inner\"><\/div>\n\t\t<\/div>\n\t\t\t\t\t\t<\/div>\n\t\t\t\t<\/div>\n\t\t\t\t<div class=\"elementor-element elementor-element-1a658afa elementor-widget elementor-widget-heading\" data-id=\"1a658afa\" data-element_type=\"widget\" data-e-type=\"widget\" data-widget_type=\"heading.default\">\n\t\t\t\t<div class=\"elementor-widget-container\">\n\t\t\t\t\t<h2 class=\"elementor-heading-title elementor-size-default\">UnIt\u00c9 dEs CRimEs PaRanORmaux<\/h2>\t\t\t\t<\/div>\n\t\t\t\t<\/div>\n\t\t\t\t<div class=\"elementor-element elementor-element-6a1248b elementor-widget elementor-widget-heading\" data-id=\"6a1248b\" data-element_type=\"widget\" data-e-type=\"widget\" data-widget_type=\"heading.default\">\n\t\t\t\t<div class=\"elementor-widget-container\">\n\t\t\t\t\t<h2 class=\"elementor-heading-title elementor-size-default\">PCU LIVRE 1<\/h2>\t\t\t\t<\/div>\n\t\t\t\t<\/div>\n\t\t\t\t\t<\/div>\n\t\t<\/div>\n\t\t\t\t\t<\/div>\n\t\t<\/section>\n\t\t\t\t<section class=\"elementor-section elementor-top-section elementor-element elementor-element-368ef2c6 elementor-section-boxed elementor-section-height-default elementor-section-height-default\" data-id=\"368ef2c6\" data-element_type=\"section\" data-e-type=\"section\">\n\t\t\t\t\t\t<div class=\"elementor-container elementor-column-gap-default\">\n\t\t\t\t\t<div class=\"elementor-column elementor-col-100 elementor-top-column elementor-element elementor-element-7795c905\" data-id=\"7795c905\" data-element_type=\"column\" data-e-type=\"column\">\n\t\t\t<div class=\"elementor-widget-wrap elementor-element-populated\">\n\t\t\t\t\t\t<div class=\"elementor-element elementor-element-c8df84c elementor-widget elementor-widget-spacer\" data-id=\"c8df84c\" data-element_type=\"widget\" data-e-type=\"widget\" data-widget_type=\"spacer.default\">\n\t\t\t\t<div class=\"elementor-widget-container\">\n\t\t\t\t\t\t\t<div class=\"elementor-spacer\">\n\t\t\t<div class=\"elementor-spacer-inner\"><\/div>\n\t\t<\/div>\n\t\t\t\t\t\t<\/div>\n\t\t\t\t<\/div>\n\t\t\t\t\t<\/div>\n\t\t<\/div>\n\t\t\t\t\t<\/div>\n\t\t<\/section>\n\t\t\t\t<section class=\"elementor-section elementor-top-section elementor-element elementor-element-41263620 elementor-section-boxed elementor-section-height-default elementor-section-height-default\" data-id=\"41263620\" data-element_type=\"section\" data-e-type=\"section\">\n\t\t\t\t\t\t<div class=\"elementor-container elementor-column-gap-default\">\n\t\t\t\t\t<div class=\"elementor-column elementor-col-50 elementor-top-column elementor-element elementor-element-3f17a86a\" data-id=\"3f17a86a\" data-element_type=\"column\" data-e-type=\"column\">\n\t\t\t<div class=\"elementor-widget-wrap elementor-element-populated\">\n\t\t\t\t\t\t<div class=\"elementor-element elementor-element-55d60802 elementor-widget elementor-widget-text-editor\" data-id=\"55d60802\" data-element_type=\"widget\" data-e-type=\"widget\" data-widget_type=\"text-editor.default\">\n\t\t\t\t<div class=\"elementor-widget-container\">\n\t\t\t\t\t\t\t\t\t<div class=\"a-expander-content a-expander-partial-collapse-content a-expander-content-expanded\" data-expanded=\"true\"><h3><strong><span class=\"a-text-bold\">Dans un monde o\u00f9 les vampires sont r\u00e9els, les monstres les plus mortels portent des blouses de laboratoire.<\/span><\/strong><\/h3><p>Le d\u00e9tective Sam Kane a pass\u00e9 six ans \u00e0 \u00e9viter avec succ\u00e8s les affaires surnaturelles dans un monde o\u00f9 les vampires travaillent de nuit et les loups-garous rejoignent l&rsquo;unit\u00e9 canine. Il enqu\u00eate sur les d\u00e9tournements de fonds, pas sur les monstres. Les chiffres ne mordent pas, et les feuilles de calcul ne n\u00e9cessitent pas de sacs \u00e0 preuves doubl\u00e9s d&rsquo;argent.  <\/p><p>Mais lorsque son t\u00e9moin principal est retrouv\u00e9 mort avec deux petites marques sur le cou &#8211; et une piste menant \u00e0 un r\u00e9seau de transformation vampirique \u00e0 bas prix qui s&rsquo;en prend aux malades en phase terminale &#8211; Kane est forc\u00e9 d&rsquo;int\u00e9grer la seule division qu&rsquo;il a \u00e9vit\u00e9e : l&rsquo;Unit\u00e9 des Crimes Paranormaux.<\/p><p>D\u00e9sormais associ\u00e9 \u00e0 un d\u00e9tective vampire et \u00e0 un loup-garou dipl\u00f4m\u00e9 en criminalistique, Kane d\u00e9couvre un complot qui tue des personnes d\u00e9sesp\u00e9r\u00e9es depuis le d\u00e9but de l&rsquo;int\u00e9gration surnaturelle. Quelqu&rsquo;un vend la mort \u00e0 prix cass\u00e9, et le nombre de victimes ne cesse d&rsquo;augmenter. <\/p><p>Alors que Kane navigue dans un cauchemar bureaucratique de protocoles de preuves surnaturelles, de droits Miranda sp\u00e9cifiques aux esp\u00e8ces, et d&rsquo;une formation de sensibilisation de quarante heures qu&rsquo;il essaie d\u00e9sesp\u00e9r\u00e9ment d&rsquo;\u00e9viter, il d\u00e9couvre une v\u00e9rit\u00e9 plus terrifiante que n&rsquo;importe quel vampire : parfois, les vrais monstres sont ceux qui vendent de l&rsquo;espoir aux d\u00e9sesp\u00e9r\u00e9s.<\/p><\/div>\t\t\t\t\t\t\t\t<\/div>\n\t\t\t\t<\/div>\n\t\t\t\t<div class=\"elementor-element elementor-element-1c1dc8a3 elementor-hidden-tablet elementor-hidden-mobile elementor-widget elementor-widget-text-editor\" data-id=\"1c1dc8a3\" data-element_type=\"widget\" data-e-type=\"widget\" data-widget_type=\"text-editor.default\">\n\t\t\t\t<div class=\"elementor-widget-container\">\n\t\t\t\t\t\t\t\t\t<h3>L&rsquo;enqu\u00eate lui co\u00fbtera tout. Son t\u00e9moin est d\u00e9j\u00e0 mort. Et le meurtre n&rsquo;a jamais \u00e9t\u00e9 aussi rentable.<\/h3><p><em><span class=\"a-text-italic\">Id\u00e9al pour les amateurs de la s\u00e9rie Le Dernier Apprenti Sorcier de Ben Aaronovitch, des Dossiers Dresden de Jim Butcher, et pour tous ceux qui se sont d\u00e9j\u00e0 demand\u00e9 ce qui se passe quand on m\u00e9lange les vampires aux formulaires administratifs.<\/span><\/em><\/p>\t\t\t\t\t\t\t\t<\/div>\n\t\t\t\t<\/div>\n\t\t\t\t\t<\/div>\n\t\t<\/div>\n\t\t\t\t<div class=\"elementor-column elementor-col-50 elementor-top-column elementor-element elementor-element-209252b4\" data-id=\"209252b4\" data-element_type=\"column\" data-e-type=\"column\">\n\t\t\t<div class=\"elementor-widget-wrap elementor-element-populated\">\n\t\t\t\t\t\t<div class=\"elementor-element elementor-element-70efca27 elementor-widget elementor-widget-image\" data-id=\"70efca27\" data-element_type=\"widget\" data-e-type=\"widget\" data-widget_type=\"image.default\">\n\t\t\t\t<div class=\"elementor-widget-container\">\n\t\t\t\t\t\t\t\t\t\t\t\t\t\t\t\t<a href=\"https:\/\/books.joegillis.com\/tqux0i8lr6\" target=\"_blank\">\n\t\t\t\t\t\t\t<img fetchpriority=\"high\" decoding=\"async\" width=\"640\" height=\"1024\" src=\"https:\/\/ebeuva676k5.exactdn.com\/wp-content\/uploads\/2025\/12\/PCU-Cover-Ebook-FRENCH-600dpi-640x1024.jpg?strip=all\" class=\"attachment-large size-large wp-image-6487\" alt=\"Le d\u00e9tective Sam Kane, une femme et un loup-garou se tiennent ensemble dans une rue de la ville la nuit avec une pleine lune en arri\u00e8re-plan. Le titre du livre indique &quot;Unit\u00e9 des Crimes Paranormaux&quot; par Joe Gillis.\" srcset=\"https:\/\/ebeuva676k5.exactdn.com\/wp-content\/uploads\/2025\/12\/PCU-Cover-Ebook-FRENCH-600dpi-640x1024.jpg?strip=all 640w, https:\/\/ebeuva676k5.exactdn.com\/wp-content\/uploads\/2025\/12\/PCU-Cover-Ebook-FRENCH-600dpi-188x300.jpg?strip=all 188w, https:\/\/ebeuva676k5.exactdn.com\/wp-content\/uploads\/2025\/12\/PCU-Cover-Ebook-FRENCH-600dpi-768x1229.jpg?strip=all 768w, https:\/\/ebeuva676k5.exactdn.com\/wp-content\/uploads\/2025\/12\/PCU-Cover-Ebook-FRENCH-600dpi-960x1536.jpg?strip=all 960w, https:\/\/ebeuva676k5.exactdn.com\/wp-content\/uploads\/2025\/12\/PCU-Cover-Ebook-FRENCH-600dpi-1280x2048.jpg?strip=all 1280w, https:\/\/ebeuva676k5.exactdn.com\/wp-content\/uploads\/2025\/12\/PCU-Cover-Ebook-FRENCH-600dpi-500x800.jpg?strip=all 500w, https:\/\/ebeuva676k5.exactdn.com\/wp-content\/uploads\/2025\/12\/PCU-Cover-Ebook-FRENCH-600dpi-406x649.jpg?strip=all 406w, https:\/\/ebeuva676k5.exactdn.com\/wp-content\/uploads\/2025\/12\/PCU-Cover-Ebook-FRENCH-600dpi.jpg?strip=all 1500w, https:\/\/ebeuva676k5.exactdn.com\/wp-content\/uploads\/2025\/12\/PCU-Cover-Ebook-FRENCH-600dpi.jpg?strip=all&amp;w=300 300w, https:\/\/ebeuva676k5.exactdn.com\/wp-content\/uploads\/2025\/12\/PCU-Cover-Ebook-FRENCH-600dpi.jpg?strip=all&amp;w=900 900w, https:\/\/ebeuva676k5.exactdn.com\/wp-content\/uploads\/2025\/12\/PCU-Cover-Ebook-FRENCH-600dpi.jpg?strip=all&amp;w=1200 1200w\" sizes=\"(max-width: 640px) 100vw, 640px\" \/>\t\t\t\t\t\t\t\t<\/a>\n\t\t\t\t\t\t\t\t\t\t\t\t\t\t\t<\/div>\n\t\t\t\t<\/div>\n\t\t\t\t<div class=\"elementor-element elementor-element-edbba90 elementor-hidden-mobile elementor-hidden-desktop elementor-widget elementor-widget-text-editor\" data-id=\"edbba90\" data-element_type=\"widget\" data-e-type=\"widget\" data-widget_type=\"text-editor.default\">\n\t\t\t\t<div class=\"elementor-widget-container\">\n\t\t\t\t\t\t\t\t\t<h3>L&rsquo;enqu\u00eate lui co\u00fbtera tout. Son t\u00e9moin est d\u00e9j\u00e0 mort. Et le meurtre n&rsquo;a jamais \u00e9t\u00e9 aussi rentable.<\/h3><p><em><span class=\"a-text-italic\">Id\u00e9al pour les amateurs de la s\u00e9rie Le Dernier Apprenti Sorcier de Ben Aaronovitch, des Dossiers Dresden de Jim Butcher, et pour tous ceux qui se sont d\u00e9j\u00e0 demand\u00e9 ce qui se passe quand on m\u00e9lange les vampires aux formulaires administratifs.<\/span><\/em><\/p>\t\t\t\t\t\t\t\t<\/div>\n\t\t\t\t<\/div>\n\t\t\t\t\t<\/div>\n\t\t<\/div>\n\t\t\t\t\t<\/div>\n\t\t<\/section>\n\t\t\t\t<section class=\"elementor-section elementor-top-section elementor-element elementor-element-4913e4ff elementor-section-boxed elementor-section-height-default elementor-section-height-default\" data-id=\"4913e4ff\" data-element_type=\"section\" data-e-type=\"section\">\n\t\t\t\t\t\t<div class=\"elementor-container elementor-column-gap-default\">\n\t\t\t\t\t<div class=\"elementor-column elementor-col-100 elementor-top-column elementor-element elementor-element-7a20070e\" data-id=\"7a20070e\" data-element_type=\"column\" data-e-type=\"column\">\n\t\t\t<div class=\"elementor-widget-wrap elementor-element-populated\">\n\t\t\t\t\t\t<div class=\"elementor-element elementor-element-a3719b0 elementor-hidden-tablet elementor-hidden-desktop elementor-widget elementor-widget-text-editor\" data-id=\"a3719b0\" data-element_type=\"widget\" data-e-type=\"widget\" data-widget_type=\"text-editor.default\">\n\t\t\t\t<div class=\"elementor-widget-container\">\n\t\t\t\t\t\t\t\t\t<h3>L&rsquo;enqu\u00eate lui co\u00fbtera tout. Son t\u00e9moin est d\u00e9j\u00e0 mort. Et le meurtre n&rsquo;a jamais \u00e9t\u00e9 aussi rentable.<\/h3><p><em><span class=\"a-text-italic\">Id\u00e9al pour les amateurs de la s\u00e9rie Le Dernier Apprenti Sorcier de Ben Aaronovitch, des Dossiers Dresden de Jim Butcher, et pour tous ceux qui se sont d\u00e9j\u00e0 demand\u00e9 ce qui se passe quand on m\u00e9lange les vampires aux formulaires administratifs.<\/span><\/em><\/p>\t\t\t\t\t\t\t\t<\/div>\n\t\t\t\t<\/div>\n\t\t\t\t<div class=\"elementor-element elementor-element-3d78146 elementor-align-center elementor-mobile-align-center elementor-widget elementor-widget-button\" data-id=\"3d78146\" data-element_type=\"widget\" data-e-type=\"widget\" data-widget_type=\"button.default\">\n\t\t\t\t<div class=\"elementor-widget-container\">\n\t\t\t\t\t\t\t\t\t<div class=\"elementor-button-wrapper\">\n\t\t\t\t\t<a class=\"elementor-button elementor-button-link elementor-size-sm\" href=\"https:\/\/books.joegillis.com\/tqux0i8lr6\" target=\"_blank\">\n\t\t\t\t\t\t<span class=\"elementor-button-content-wrapper\">\n\t\t\t\t\t\t\t\t\t<span class=\"elementor-button-text\">OBTENEZ-LE MAINTENANT !<\/span>\n\t\t\t\t\t<\/span>\n\t\t\t\t\t<\/a>\n\t\t\t\t<\/div>\n\t\t\t\t\t\t\t\t<\/div>\n\t\t\t\t<\/div>\n\t\t\t\t<div class=\"elementor-element elementor-element-324576f4 elementor-widget elementor-widget-spacer\" data-id=\"324576f4\" data-element_type=\"widget\" data-e-type=\"widget\" data-widget_type=\"spacer.default\">\n\t\t\t\t<div class=\"elementor-widget-container\">\n\t\t\t\t\t\t\t<div class=\"elementor-spacer\">\n\t\t\t<div class=\"elementor-spacer-inner\"><\/div>\n\t\t<\/div>\n\t\t\t\t\t\t<\/div>\n\t\t\t\t<\/div>\n\t\t\t\t\t<\/div>\n\t\t<\/div>\n\t\t\t\t\t<\/div>\n\t\t<\/section>\n\t\t\t\t<section class=\"elementor-section elementor-top-section elementor-element elementor-element-6520b5b9 elementor-section-boxed elementor-section-height-default elementor-section-height-default\" data-id=\"6520b5b9\" data-element_type=\"section\" data-e-type=\"section\">\n\t\t\t\t\t\t<div class=\"elementor-container elementor-column-gap-default\">\n\t\t\t\t\t<div class=\"elementor-column elementor-col-100 elementor-top-column elementor-element elementor-element-26e107c\" data-id=\"26e107c\" data-element_type=\"column\" data-e-type=\"column\">\n\t\t\t<div class=\"elementor-widget-wrap elementor-element-populated\">\n\t\t\t\t\t\t<div class=\"elementor-element elementor-element-146a8a63 elementor-widget-divider--view-line elementor-widget elementor-widget-divider\" data-id=\"146a8a63\" data-element_type=\"widget\" data-e-type=\"widget\" data-widget_type=\"divider.default\">\n\t\t\t\t<div class=\"elementor-widget-container\">\n\t\t\t\t\t\t\t<div class=\"elementor-divider\">\n\t\t\t<span class=\"elementor-divider-separator\">\n\t\t\t\t\t\t<\/span>\n\t\t<\/div>\n\t\t\t\t\t\t<\/div>\n\t\t\t\t<\/div>\n\t\t\t\t<div class=\"elementor-element elementor-element-65de90de elementor-widget elementor-widget-heading\" data-id=\"65de90de\" data-element_type=\"widget\" data-e-type=\"widget\" data-widget_type=\"heading.default\">\n\t\t\t\t<div class=\"elementor-widget-container\">\n\t\t\t\t\t<h2 class=\"elementor-heading-title elementor-size-default\">RELATED BOOKS<\/h2>\t\t\t\t<\/div>\n\t\t\t\t<\/div>\n\t\t\t\t<div class=\"elementor-element elementor-element-3978ffe6 elementor-widget elementor-widget-spacer\" data-id=\"3978ffe6\" data-element_type=\"widget\" data-e-type=\"widget\" data-widget_type=\"spacer.default\">\n\t\t\t\t<div class=\"elementor-widget-container\">\n\t\t\t\t\t\t\t<div class=\"elementor-spacer\">\n\t\t\t<div class=\"elementor-spacer-inner\"><\/div>\n\t\t<\/div>\n\t\t\t\t\t\t<\/div>\n\t\t\t\t<\/div>\n\t\t\t\t\t<\/div>\n\t\t<\/div>\n\t\t\t\t\t<\/div>\n\t\t<\/section>\n\t\t\t\t<section class=\"elementor-section elementor-top-section elementor-element elementor-element-73d2821b elementor-section-boxed elementor-section-height-default elementor-section-height-default\" data-id=\"73d2821b\" data-element_type=\"section\" data-e-type=\"section\">\n\t\t\t\t\t\t<div class=\"elementor-container elementor-column-gap-default\">\n\t\t\t\t\t<div class=\"elementor-column elementor-col-50 elementor-top-column elementor-element elementor-element-631cf79a\" data-id=\"631cf79a\" data-element_type=\"column\" data-e-type=\"column\">\n\t\t\t<div class=\"elementor-widget-wrap elementor-element-populated\">\n\t\t\t\t\t\t<div class=\"elementor-element elementor-element-73b66761 elementor-widget elementor-widget-image\" data-id=\"73b66761\" data-element_type=\"widget\" data-e-type=\"widget\" data-widget_type=\"image.default\">\n\t\t\t\t<div class=\"elementor-widget-container\">\n\t\t\t\t\t\t\t\t\t\t\t\t\t\t\t\t<a href=\"https:\/\/www.joegillis.com\/fr\/sam-kane-detective-mort-vivant\/\">\n\t\t\t\t\t\t\t<img decoding=\"async\" width=\"640\" height=\"1024\" src=\"https:\/\/ebeuva676k5.exactdn.com\/wp-content\/uploads\/2025\/12\/Temp-Book-2-Cover-FRENCH-640x1024.jpg?strip=all\" class=\"attachment-large size-large wp-image-6484\" alt=\"Couverture du Livre 2 de l&#039;Unit\u00e9 des Crimes Paranormaux par Joe Gillis pr\u00e9sentant une main s&#039;\u00e9levant d&#039;une tombe marqu\u00e9e &quot;Sam Kane&quot; sous une pleine lune dans un cimeti\u00e8re lugubre.\" srcset=\"https:\/\/ebeuva676k5.exactdn.com\/wp-content\/uploads\/2025\/12\/Temp-Book-2-Cover-FRENCH-640x1024.jpg?strip=all 640w, https:\/\/ebeuva676k5.exactdn.com\/wp-content\/uploads\/2025\/12\/Temp-Book-2-Cover-FRENCH-188x300.jpg?strip=all 188w, https:\/\/ebeuva676k5.exactdn.com\/wp-content\/uploads\/2025\/12\/Temp-Book-2-Cover-FRENCH-768x1229.jpg?strip=all 768w, https:\/\/ebeuva676k5.exactdn.com\/wp-content\/uploads\/2025\/12\/Temp-Book-2-Cover-FRENCH-960x1536.jpg?strip=all 960w, https:\/\/ebeuva676k5.exactdn.com\/wp-content\/uploads\/2025\/12\/Temp-Book-2-Cover-FRENCH-1280x2048.jpg?strip=all 1280w, https:\/\/ebeuva676k5.exactdn.com\/wp-content\/uploads\/2025\/12\/Temp-Book-2-Cover-FRENCH-500x800.jpg?strip=all 500w, https:\/\/ebeuva676k5.exactdn.com\/wp-content\/uploads\/2025\/12\/Temp-Book-2-Cover-FRENCH-406x649.jpg?strip=all 406w, https:\/\/ebeuva676k5.exactdn.com\/wp-content\/uploads\/2025\/12\/Temp-Book-2-Cover-FRENCH.jpg?strip=all 1500w, https:\/\/ebeuva676k5.exactdn.com\/wp-content\/uploads\/2025\/12\/Temp-Book-2-Cover-FRENCH.jpg?strip=all&amp;w=300 300w, https:\/\/ebeuva676k5.exactdn.com\/wp-content\/uploads\/2025\/12\/Temp-Book-2-Cover-FRENCH.jpg?strip=all&amp;w=900 900w, https:\/\/ebeuva676k5.exactdn.com\/wp-content\/uploads\/2025\/12\/Temp-Book-2-Cover-FRENCH.jpg?strip=all&amp;w=1200 1200w\" sizes=\"(max-width: 640px) 100vw, 640px\" \/>\t\t\t\t\t\t\t\t<\/a>\n\t\t\t\t\t\t\t\t\t\t\t\t\t\t\t<\/div>\n\t\t\t\t<\/div>\n\t\t\t\t<div class=\"elementor-element elementor-element-77ce6a71 elementor-widget elementor-widget-text-editor\" data-id=\"77ce6a71\" data-element_type=\"widget\" data-e-type=\"widget\" data-widget_type=\"text-editor.default\">\n\t\t\t\t<div class=\"elementor-widget-container\">\n\t\t\t\t\t\t\t\t\t<div class=\"a-expander-content a-expander-partial-collapse-content a-expander-content-expanded\" data-expanded=\"true\"><h3><strong><span class=\"a-text-bold\">Death was just the beginning of his caseload.<\/span><\/strong><\/h3><p class=\"font-claude-response-body break-words whitespace-normal leading-[1.7]\">Death was supposed to be the end of the paperwork.<\/p><p class=\"font-claude-response-body break-words whitespace-normal leading-[1.7]\">Detective Sam Kane survived his first year in the supernatural world \u2014 the vampires, the werewolves, the forms filed in triplicate. He built a team. He closed cases. He even started to feel like he belonged.<\/p><p class=\"font-claude-response-body break-words whitespace-normal leading-[1.7]\">Then someone put a bullet in him.<\/p><\/div>\t\t\t\t\t\t\t\t<\/div>\n\t\t\t\t<\/div>\n\t\t\t\t<div class=\"elementor-element elementor-element-5ed0f535 elementor-align-center elementor-mobile-align-center elementor-hidden-tablet elementor-hidden-mobile elementor-widget elementor-widget-button\" data-id=\"5ed0f535\" data-element_type=\"widget\" data-e-type=\"widget\" data-widget_type=\"button.default\">\n\t\t\t\t<div class=\"elementor-widget-container\">\n\t\t\t\t\t\t\t\t\t<div class=\"elementor-button-wrapper\">\n\t\t\t\t\t<a class=\"elementor-button elementor-button-link elementor-size-sm\" href=\"https:\/\/books.joegillis.com\/iarll66tey\" target=\"_blank\">\n\t\t\t\t\t\t<span class=\"elementor-button-content-wrapper\">\n\t\t\t\t\t\t\t\t\t<span class=\"elementor-button-text\">PR\u00c9COMMANDEZ<\/span>\n\t\t\t\t\t<\/span>\n\t\t\t\t\t<\/a>\n\t\t\t\t<\/div>\n\t\t\t\t\t\t\t\t<\/div>\n\t\t\t\t<\/div>\n\t\t\t\t\t<\/div>\n\t\t<\/div>\n\t\t\t\t<div class=\"elementor-column elementor-col-50 elementor-top-column elementor-element elementor-element-60973449\" data-id=\"60973449\" data-element_type=\"column\" data-e-type=\"column\">\n\t\t\t<div class=\"elementor-widget-wrap elementor-element-populated\">\n\t\t\t\t\t\t<div class=\"elementor-element elementor-element-7eee4a49 elementor-widget elementor-widget-image\" data-id=\"7eee4a49\" data-element_type=\"widget\" data-e-type=\"widget\" data-widget_type=\"image.default\">\n\t\t\t\t<div class=\"elementor-widget-container\">\n\t\t\t\t\t\t\t\t\t\t\t\t\t\t\t\t<a href=\"https:\/\/books.joegillis.com\/e1hisxw1nz\" target=\"_blank\">\n\t\t\t\t\t\t\t<img decoding=\"async\" width=\"667\" height=\"1000\" src=\"https:\/\/ebeuva676k5.exactdn.com\/wp-content\/uploads\/2026\/02\/Bite-Me-Billionaire-Cover.jpg?strip=all\" class=\"attachment-large size-large wp-image-8303\" alt=\"Illustrated book cover showing a dark-haired man and blonde woman embracing under a full moon. Title reads &quot;Bite Me, Billionaire: Billionaire Vampires Book 1&quot; by Rachel Star and Joe Gillis.\" srcset=\"https:\/\/ebeuva676k5.exactdn.com\/wp-content\/uploads\/2026\/02\/Bite-Me-Billionaire-Cover.jpg?strip=all 667w, https:\/\/ebeuva676k5.exactdn.com\/wp-content\/uploads\/2026\/02\/Bite-Me-Billionaire-Cover-200x300.jpg?strip=all 200w, https:\/\/ebeuva676k5.exactdn.com\/wp-content\/uploads\/2026\/02\/Bite-Me-Billionaire-Cover-534x800.jpg?strip=all 534w, https:\/\/ebeuva676k5.exactdn.com\/wp-content\/uploads\/2026\/02\/Bite-Me-Billionaire-Cover-433x649.jpg?strip=all 433w, https:\/\/ebeuva676k5.exactdn.com\/wp-content\/uploads\/2026\/02\/Bite-Me-Billionaire-Cover.jpg?strip=all&amp;w=133 133w, https:\/\/ebeuva676k5.exactdn.com\/wp-content\/uploads\/2026\/02\/Bite-Me-Billionaire-Cover.jpg?strip=all&amp;w=266 266w\" sizes=\"(max-width: 667px) 100vw, 667px\" \/>\t\t\t\t\t\t\t\t<\/a>\n\t\t\t\t\t\t\t\t\t\t\t\t\t\t\t<\/div>\n\t\t\t\t<\/div>\n\t\t\t\t<div class=\"elementor-element elementor-element-6a91b94d elementor-widget elementor-widget-heading\" data-id=\"6a91b94d\" data-element_type=\"widget\" data-e-type=\"widget\" data-widget_type=\"heading.default\">\n\t\t\t\t<div class=\"elementor-widget-container\">\n\t\t\t\t\t<h2 class=\"elementor-heading-title elementor-size-default\">BILLIONAIRE VAMPIRES<\/h2>\t\t\t\t<\/div>\n\t\t\t\t<\/div>\n\t\t\t\t<div class=\"elementor-element elementor-element-beee6db elementor-widget elementor-widget-heading\" data-id=\"beee6db\" data-element_type=\"widget\" data-e-type=\"widget\" data-widget_type=\"heading.default\">\n\t\t\t\t<div class=\"elementor-widget-container\">\n\t\t\t\t\t<h2 class=\"elementor-heading-title elementor-size-default\">BOOK 1<\/h2>\t\t\t\t<\/div>\n\t\t\t\t<\/div>\n\t\t\t\t<div class=\"elementor-element elementor-element-7bde1338 elementor-widget elementor-widget-text-editor\" data-id=\"7bde1338\" data-element_type=\"widget\" data-e-type=\"widget\" data-widget_type=\"text-editor.default\">\n\t\t\t\t<div class=\"elementor-widget-container\">\n\t\t\t\t\t\t\t\t\t<p><strong>Bite Me, Billionaire<\/strong> is paranormal romantic comedy for readers who love their monsters messy, their romance swoon-worthy, and their humor sharp enough to draw blood.<\/p>\t\t\t\t\t\t\t\t<\/div>\n\t\t\t\t<\/div>\n\t\t\t\t<div class=\"elementor-element elementor-element-4d26e404 elementor-hidden-tablet elementor-hidden-mobile elementor-widget elementor-widget-spacer\" data-id=\"4d26e404\" data-element_type=\"widget\" data-e-type=\"widget\" data-widget_type=\"spacer.default\">\n\t\t\t\t<div class=\"elementor-widget-container\">\n\t\t\t\t\t\t\t<div class=\"elementor-spacer\">\n\t\t\t<div class=\"elementor-spacer-inner\"><\/div>\n\t\t<\/div>\n\t\t\t\t\t\t<\/div>\n\t\t\t\t<\/div>\n\t\t\t\t<div class=\"elementor-element elementor-element-1c94e904 elementor-align-center elementor-mobile-align-center elementor-widget elementor-widget-button\" data-id=\"1c94e904\" data-element_type=\"widget\" data-e-type=\"widget\" data-widget_type=\"button.default\">\n\t\t\t\t<div class=\"elementor-widget-container\">\n\t\t\t\t\t\t\t\t\t<div class=\"elementor-button-wrapper\">\n\t\t\t\t\t<a class=\"elementor-button elementor-button-link elementor-size-sm\" href=\"https:\/\/books.joegillis.com\/e1hisxw1nz\" target=\"_blank\">\n\t\t\t\t\t\t<span class=\"elementor-button-content-wrapper\">\n\t\t\t\t\t\t\t\t\t<span class=\"elementor-button-text\">OBTENEZ-LE MAINTENANT !<\/span>\n\t\t\t\t\t<\/span>\n\t\t\t\t\t<\/a>\n\t\t\t\t<\/div>\n\t\t\t\t\t\t\t\t<\/div>\n\t\t\t\t<\/div>\n\t\t\t\t\t<\/div>\n\t\t<\/div>\n\t\t\t\t\t<\/div>\n\t\t<\/section>\n\t\t\t\t<section class=\"elementor-section elementor-top-section elementor-element elementor-element-a91d3ef elementor-section-boxed elementor-section-height-default elementor-section-height-default\" data-id=\"a91d3ef\" data-element_type=\"section\" data-e-type=\"section\">\n\t\t\t\t\t\t<div class=\"elementor-container elementor-column-gap-default\">\n\t\t\t\t\t<div class=\"elementor-column elementor-col-100 elementor-top-column elementor-element elementor-element-703c870f\" data-id=\"703c870f\" data-element_type=\"column\" data-e-type=\"column\">\n\t\t\t<div class=\"elementor-widget-wrap\">\n\t\t\t\t\t\t\t<\/div>\n\t\t<\/div>\n\t\t\t\t\t<\/div>\n\t\t<\/section>\n\t\t\t\t<\/div>\n\t\t","protected":false},"excerpt":{"rendered":"<p>UnIt\u00c9 dEs CRimEs PaRanORmaux PCU LIVRE 1 Dans un monde o\u00f9 les vampires sont r\u00e9els, les monstres les plus mortels portent des blouses de laboratoire. Le d\u00e9tective Sam Kane a pass\u00e9 six ans \u00e0 \u00e9viter avec succ\u00e8s les affaires surnaturelles dans un monde o\u00f9 les vampires travaillent de nuit et les loups-garous rejoignent l&rsquo;unit\u00e9 canine. [&hellip;]<\/p>\n","protected":false},"author":1,"featured_media":6483,"parent":0,"menu_order":0,"comment_status":"closed","ping_status":"closed","template":"","meta":{"footnotes":""},"class_list":["post-8302","page","type-page","status-publish","has-post-thumbnail","hentry"],"jetpack_sharing_enabled":true,"_links":{"self":[{"href":"https:\/\/www.joegillis.com\/fr\/wp-json\/wp\/v2\/pages\/8302","targetHints":{"allow":["GET"]}}],"collection":[{"href":"https:\/\/www.joegillis.com\/fr\/wp-json\/wp\/v2\/pages"}],"about":[{"href":"https:\/\/www.joegillis.com\/fr\/wp-json\/wp\/v2\/types\/page"}],"author":[{"embeddable":true,"href":"https:\/\/www.joegillis.com\/fr\/wp-json\/wp\/v2\/users\/1"}],"replies":[{"embeddable":true,"href":"https:\/\/www.joegillis.com\/fr\/wp-json\/wp\/v2\/comments?post=8302"}],"version-history":[{"count":6,"href":"https:\/\/www.joegillis.com\/fr\/wp-json\/wp\/v2\/pages\/8302\/revisions"}],"predecessor-version":[{"id":8418,"href":"https:\/\/www.joegillis.com\/fr\/wp-json\/wp\/v2\/pages\/8302\/revisions\/8418"}],"wp:featuredmedia":[{"embeddable":true,"href":"https:\/\/www.joegillis.com\/fr\/wp-json\/wp\/v2\/media\/6483"}],"wp:attachment":[{"href":"https:\/\/www.joegillis.com\/fr\/wp-json\/wp\/v2\/media?parent=8302"}],"curies":[{"name":"wp","href":"https:\/\/api.w.org\/{rel}","templated":true}]}}